{"id":4743,"date":"2023-07-21T08:38:05","date_gmt":"2023-07-21T08:38:05","guid":{"rendered":"https:\/\/disproquima.com\/?page_id=4743"},"modified":"2025-07-06T17:51:45","modified_gmt":"2025-07-06T17:51:45","slug":"rechtlicher-hinweis","status":"publish","type":"page","link":"https:\/\/disproquima.com\/de\/rechtlicher-hinweis\/","title":{"rendered":"Rechtlicher Hinweis"},"content":{"rendered":"<ol>\n<li style=\"font-weight: 400;\" aria-level=\"1\"><b>Allgemeine Informationen<\/b><span style=\"font-weight: 400;\"><br \/>\n<\/span><span style=\"font-weight: 400;\">Gem\u00e4\u00df dem spanischen Gesetz 34\/2002 \u00fcber Dienstleistungen der Informationsgesellschaft und des elektronischen Gesch\u00e4ftsverkehrs (LSSICE) informieren wir Sie dar\u00fcber, dass die Website <\/span><a href=\"http:\/\/www.disproquima.com\"><span style=\"font-weight: 400;\">www.disproquima.com<\/span><\/a><span style=\"font-weight: 400;\"> Eigentum von DISPROQUIMA, S.A.U. ist, mit NIF A-08356057 und Sitz in C\/ Terra, 42 IP ELS BELLOTS, 08227 TERRASSA. Eingetragen im Handelsregister von Barcelona, Band 10.087, Blatt 143, Seite B-68440, 18. Eintragung. Im Folgenden &#8222;DQ&#8220;.<\/span><\/li>\n<li style=\"font-weight: 400;\" aria-level=\"1\"><b>Allgemeine Nutzungsbedingungen und Akzeptanz<\/b><span style=\"font-weight: 400;\"><br \/>\n<\/span><span style=\"font-weight: 400;\">Die allgemeinen Nutzungsbedingungen der Website sollen die Nutzer \u00fcber die Aktivit\u00e4ten und Produkte von DQ informieren. Diese Website dient ausschlie\u00dflich Informationszwecken. Das Surfen und die Nutzung der Dienste der Website bedeuten die vorbehaltlose Annahme aller allgemeinen Nutzungsbedingungen, der allgemeinen Vertragsbedingungen (sofern vorhanden) und aller anderen Bedingungen, die im Zusammenhang mit der Erbringung von Dienstleistungen durch DQ bestehen k\u00f6nnten. DQ kann diese allgemeinen Bedingungen jederzeit und ohne vorherige Ank\u00fcndigung \u00e4ndern, wobei den Nutzern in jedem Fall \u00fcber diese Website Informationen zur Verf\u00fcgung gestellt werden. Der Nutzer dieser Website darf in keinem Fall Schutzvorrichtungen oder Sicherheitssysteme entfernen oder manipulieren, die auf der Website installiert sein k\u00f6nnten. Der Nutzer haftet gegen\u00fcber DQ oder Dritten f\u00fcr jeglichen Schaden, der durch die Nichteinhaltung dieser Verpflichtung verursacht wird.<\/span><\/li>\n<li style=\"font-weight: 400;\" aria-level=\"1\"><b>Geistiges und gewerbliches Eigentum<\/b><span style=\"font-weight: 400;\"><br \/>\n<\/span><span style=\"font-weight: 400;\">Alle Inhalte auf der Website, insbesondere Marken, Handelsnamen, industrielle Designs, Entw\u00fcrfe, Texte, Fotos, Bilder, Illustrationen, Grafiken, Logos, Symbole, Software oder andere Zeichen, die f\u00fcr industrielle und kommerzielle Zwecke verwendet werden k\u00f6nnen, sind durch geistige und gewerbliche Eigentumsrechte von DQ, der Unternehmensgruppe oder Dritten gesch\u00fctzt, die deren Aufnahme auf der Website genehmigt haben. Jegliche Nutzung oder Vervielf\u00e4ltigung ohne ausdr\u00fcckliche Zustimmung von DQ ist daher verboten, unabh\u00e4ngig vom Medium, einschlie\u00dflich des Internets (Domainnamen, soziale Netzwerke, Blogs usw.). DQ \u00fcbernimmt keine Haftung f\u00fcr die Verletzung geistiger oder gewerblicher Eigentumsrechte Dritter, die sich aus der Aufnahme von Marken, Handelsnamen, industriellen Designs, Patenten, Texten, Fotos, Bildern, Illustrationen, Grafiken, Logos, Symbolen oder Software Dritter auf der Website ergeben k\u00f6nnen. In keinem Fall wird davon ausgegangen, dass der Zugang und die Nutzung der Website durch den Nutzer eine Genehmigung, einen Verzicht, eine \u00dcbertragung oder eine vollst\u00e4ndige oder teilweise Abtretung dieser Rechte oder die Gew\u00e4hrung eines Rechts oder einer Erwartung von Rechten an den Inhalten ohne die vorherige ausdr\u00fcckliche Zustimmung von DQ, einem Unternehmen der Gruppe oder der jeweiligen Rechteinhaber darstellt.<\/span><\/li>\n<li style=\"font-weight: 400;\" aria-level=\"1\"><b>Haftung<\/b><span style=\"font-weight: 400;\"><br \/>\n<\/span><span style=\"font-weight: 400;\">Der Nutzer erkennt an und akzeptiert, dass die Nutzung der Website und ihrer Dienste auf eigene Gefahr erfolgt. Die auf der Website enthaltenen Links oder Hinweise dienen ausschlie\u00dflich Informationszwecken.<\/span><\/li>\n<li style=\"font-weight: 400;\" aria-level=\"1\"><b>Pflichten des Nutzers<\/b><span style=\"font-weight: 400;\"><br \/>\n<\/span><span style=\"font-weight: 400;\">Der Nutzer verpflichtet sich, die Inhalte der Website sorgf\u00e4ltig, korrekt und gesetzeskonform zu nutzen.<\/span><\/li>\n<li style=\"font-weight: 400;\" aria-level=\"1\"><b>Anwendbares Recht<\/b><span style=\"font-weight: 400;\"><br \/>\n<\/span><span style=\"font-weight: 400;\">Die Beziehungen zwischen dem Nutzer und dem Website-Inhaber unterliegen den Bestimmungen des geltenden Rechts \u00fcber das anwendbare Recht und die zust\u00e4ndige Gerichtsbarkeit. Wenn das Gesetz die M\u00f6glichkeit einer freiwilligen Gerichtszust\u00e4ndigkeit zul\u00e4sst, unterwerfen sich DQ und der Nutzer unter ausdr\u00fccklichem Verzicht auf jegliche andere Zust\u00e4ndigkeit den Gerichten von Barcelona. In jedem Fall gilt das spanische Recht und die Vorschriften der Europ\u00e4ischen Union.<\/span><span style=\"font-weight: 400;\"><br \/>\n<\/span><span style=\"font-weight: 400;\">Unsere Datenschutz- und Cookie-Richtlinien k\u00f6nnen in den speziell daf\u00fcr vorgesehenen Abschnitten eingesehen werden.<\/span><\/li>\n<\/ol>\n<p><b>Ver\u00f6ffentlicht von:<\/b><span style=\"font-weight: 400;\"> Disproquima<\/span><span style=\"font-weight: 400;\"><br \/>\n<\/span><b>Datum:<\/b><span style=\"font-weight: 400;\"> 21. Juli 2023<\/span><\/p>\n","protected":false},"excerpt":{"rendered":"<p>Allgemeine Informationen Gem\u00e4\u00df dem spanischen Gesetz 34\/2002 \u00fcber Dienstleistungen der Informationsgesellschaft und des elektronischen Gesch\u00e4ftsverkehrs (LSSICE) informieren wir Sie dar\u00fcber, dass die Website www.disproquima.com Eigentum von DISPROQUIMA, S.A.U. ist, mit NIF A-08356057 und Sitz in C\/ Terra, 42 IP ELS BELLOTS, 08227 TERRASSA. Eingetragen im Handelsregister von Barcelona, Band 10.087, Blatt 143, Seite B-68440, 18. [&hellip;]<\/p>\n","protected":false},"author":1,"featured_media":0,"parent":0,"menu_order":0,"comment_status":"closed","ping_status":"closed","template":"page-blank.php","meta":{"footnotes":""},"class_list":["post-4743","page","type-page","status-publish","hentry"],"acf":[],"yoast_head":"<!-- This site is optimized with the Yoast SEO plugin v27.2 - https:\/\/yoast.com\/product\/yoast-seo-wordpress\/ -->\n<title>Rechtlicher Hinweis - Disproquima<\/title>\n<meta name=\"robots\" content=\"index, follow, max-snippet:-1, max-image-preview:large, max-video-preview:-1\" \/>\n<link rel=\"canonical\" href=\"https:\/\/disproquima.com\/de\/rechtlicher-hinweis\/\" \/>\n<meta property=\"og:locale\" content=\"de_DE\" \/>\n<meta property=\"og:type\" content=\"article\" \/>\n<meta property=\"og:title\" content=\"Rechtlicher Hinweis - Disproquima\" \/>\n<meta property=\"og:description\" content=\"Allgemeine Informationen Gem\u00e4\u00df dem spanischen Gesetz 34\/2002 \u00fcber Dienstleistungen der Informationsgesellschaft und des elektronischen Gesch\u00e4ftsverkehrs (LSSICE) informieren wir Sie dar\u00fcber, dass die Website www.disproquima.com Eigentum von DISPROQUIMA, S.A.U. ist, mit NIF A-08356057 und Sitz in C\/ Terra, 42 IP ELS BELLOTS, 08227 TERRASSA. Eingetragen im Handelsregister von Barcelona, Band 10.087, Blatt 143, Seite B-68440, 18. [&hellip;]\" \/>\n<meta property=\"og:url\" content=\"https:\/\/disproquima.com\/de\/rechtlicher-hinweis\/\" \/>\n<meta property=\"og:site_name\" content=\"Disproquima\" \/>\n<meta property=\"article:modified_time\" content=\"2025-07-06T17:51:45+00:00\" \/>\n<meta name=\"twitter:card\" content=\"summary_large_image\" \/>\n<meta name=\"twitter:label1\" content=\"Gesch\u00e4tzte Lesezeit\" \/>\n\t<meta name=\"twitter:data1\" content=\"3\u00a0Minuten\" \/>\n<script type=\"application\/ld+json\" class=\"yoast-schema-graph\">{\"@context\":\"https:\/\/schema.org\",\"@graph\":[{\"@type\":\"WebPage\",\"@id\":\"https:\/\/disproquima.com\/de\/rechtlicher-hinweis\/\",\"url\":\"https:\/\/disproquima.com\/de\/rechtlicher-hinweis\/\",\"name\":\"Rechtlicher Hinweis - Disproquima\",\"isPartOf\":{\"@id\":\"https:\/\/disproquima.com\/de\/#website\"},\"datePublished\":\"2023-07-21T08:38:05+00:00\",\"dateModified\":\"2025-07-06T17:51:45+00:00\",\"inLanguage\":\"de\",\"potentialAction\":[{\"@type\":\"ReadAction\",\"target\":[\"https:\/\/disproquima.com\/de\/rechtlicher-hinweis\/\"]}]},{\"@type\":\"WebSite\",\"@id\":\"https:\/\/disproquima.com\/de\/#website\",\"url\":\"https:\/\/disproquima.com\/de\/\",\"name\":\"Disproquima\",\"description\":\"\",\"potentialAction\":[{\"@type\":\"SearchAction\",\"target\":{\"@type\":\"EntryPoint\",\"urlTemplate\":\"https:\/\/disproquima.com\/de\/?s={search_term_string}\"},\"query-input\":{\"@type\":\"PropertyValueSpecification\",\"valueRequired\":true,\"valueName\":\"search_term_string\"}}],\"inLanguage\":\"de\"}]}<\/script>\n<!-- \/ Yoast SEO plugin. -->","yoast_head_json":{"title":"Rechtlicher Hinweis - Disproquima","robots":{"index":"index","follow":"follow","max-snippet":"max-snippet:-1","max-image-preview":"max-image-preview:large","max-video-preview":"max-video-preview:-1"},"canonical":"https:\/\/disproquima.com\/de\/rechtlicher-hinweis\/","og_locale":"de_DE","og_type":"article","og_title":"Rechtlicher Hinweis - Disproquima","og_description":"Allgemeine Informationen Gem\u00e4\u00df dem spanischen Gesetz 34\/2002 \u00fcber Dienstleistungen der Informationsgesellschaft und des elektronischen Gesch\u00e4ftsverkehrs (LSSICE) informieren wir Sie dar\u00fcber, dass die Website www.disproquima.com Eigentum von DISPROQUIMA, S.A.U. ist, mit NIF A-08356057 und Sitz in C\/ Terra, 42 IP ELS BELLOTS, 08227 TERRASSA. Eingetragen im Handelsregister von Barcelona, Band 10.087, Blatt 143, Seite B-68440, 18. [&hellip;]","og_url":"https:\/\/disproquima.com\/de\/rechtlicher-hinweis\/","og_site_name":"Disproquima","article_modified_time":"2025-07-06T17:51:45+00:00","twitter_card":"summary_large_image","twitter_misc":{"Gesch\u00e4tzte Lesezeit":"3\u00a0Minuten"},"schema":{"@context":"https:\/\/schema.org","@graph":[{"@type":"WebPage","@id":"https:\/\/disproquima.com\/de\/rechtlicher-hinweis\/","url":"https:\/\/disproquima.com\/de\/rechtlicher-hinweis\/","name":"Rechtlicher Hinweis - Disproquima","isPartOf":{"@id":"https:\/\/disproquima.com\/de\/#website"},"datePublished":"2023-07-21T08:38:05+00:00","dateModified":"2025-07-06T17:51:45+00:00","inLanguage":"de","potentialAction":[{"@type":"ReadAction","target":["https:\/\/disproquima.com\/de\/rechtlicher-hinweis\/"]}]},{"@type":"WebSite","@id":"https:\/\/disproquima.com\/de\/#website","url":"https:\/\/disproquima.com\/de\/","name":"Disproquima","description":"","potentialAction":[{"@type":"SearchAction","target":{"@type":"EntryPoint","urlTemplate":"https:\/\/disproquima.com\/de\/?s={search_term_string}"},"query-input":{"@type":"PropertyValueSpecification","valueRequired":true,"valueName":"search_term_string"}}],"inLanguage":"de"}]}},"_links":{"self":[{"href":"https:\/\/disproquima.com\/de\/wp-json\/wp\/v2\/pages\/4743","targetHints":{"allow":["GET"]}}],"collection":[{"href":"https:\/\/disproquima.com\/de\/wp-json\/wp\/v2\/pages"}],"about":[{"href":"https:\/\/disproquima.com\/de\/wp-json\/wp\/v2\/types\/page"}],"author":[{"embeddable":true,"href":"https:\/\/disproquima.com\/de\/wp-json\/wp\/v2\/users\/1"}],"replies":[{"embeddable":true,"href":"https:\/\/disproquima.com\/de\/wp-json\/wp\/v2\/comments?post=4743"}],"version-history":[{"count":1,"href":"https:\/\/disproquima.com\/de\/wp-json\/wp\/v2\/pages\/4743\/revisions"}],"predecessor-version":[{"id":4744,"href":"https:\/\/disproquima.com\/de\/wp-json\/wp\/v2\/pages\/4743\/revisions\/4744"}],"wp:attachment":[{"href":"https:\/\/disproquima.com\/de\/wp-json\/wp\/v2\/media?parent=4743"}],"curies":[{"name":"wp","href":"https:\/\/api.w.org\/{rel}","templated":true}]}}