{"id":4762,"date":"2023-07-19T09:54:20","date_gmt":"2023-07-19T09:54:20","guid":{"rendered":"https:\/\/disproquima.com\/?page_id=4762"},"modified":"2025-07-07T17:14:37","modified_gmt":"2025-07-07T17:14:37","slug":"ds-pharma-anwendungslabor","status":"publish","type":"page","link":"https:\/\/disproquima.com\/de\/ds-pharma-anwendungslabor\/","title":{"rendered":"DS\/Pharma-Anwendungslabor"},"content":{"rendered":"<p>Entdecken Sie die Spitze der Gesundheitsinnovation mit unserem neuen Anwendungslabor f\u00fcr Pharmazeutika und Nahrungserg\u00e4nzungsmittel. Wir sind Ihr engagierter Partner in den dynamischen Bereichen der Pharmazeutika und Nahrungserg\u00e4nzungsmittel und haben es uns zur Aufgabe gemacht, Ihre Vision Wirklichkeit werden zu lassen. Ganz gleich, ob Sie an Rezepturen arbeiten, Unterst\u00fctzung bei laufenden Projekten suchen oder branchenspezifische Herausforderungen angehen m\u00f6chten, unser Expertenteam steht Ihnen gerne zur Seite. Von Gummib\u00e4rchen, Hartkapseln, Pulverformen, Weichgelkapseln, Sirups, Zweischichttabletten bis hin zu Brausetabletten bieten wir eine breite Palette an Prototypenoptionen. Von der Konzeption bis zur Herstellung bietet unser Labor ma\u00dfgeschneiderte L\u00f6sungen, wertvolle Erkenntnisse und praktische Entwicklung. Lassen Sie unsere Rezepturen der Eckpfeiler Ihres Erfolgs sein, w\u00e4hrend wir gemeinsam daran arbeiten, die Zukunft der Gesundheitszutaten zu entwickeln.<\/p>\n","protected":false},"excerpt":{"rendered":"<p>Entdecken Sie die Spitze der Gesundheitsinnovation mit unserem neuen Anwendungslabor f\u00fcr Pharmazeutika und Nahrungserg\u00e4nzungsmittel. Wir sind Ihr engagierter Partner in den dynamischen Bereichen der Pharmazeutika und Nahrungserg\u00e4nzungsmittel und haben es uns zur Aufgabe gemacht, Ihre Vision Wirklichkeit werden zu lassen. Ganz gleich, ob Sie an Rezepturen arbeiten, Unterst\u00fctzung bei laufenden Projekten suchen oder branchenspezifische Herausforderungen [&hellip;]<\/p>\n","protected":false},"author":1,"featured_media":4157,"parent":0,"menu_order":0,"comment_status":"closed","ping_status":"closed","template":"","meta":{"footnotes":""},"class_list":["post-4762","page","type-page","status-publish","has-post-thumbnail","hentry"],"acf":[],"yoast_head":"<!-- This site is optimized with the Yoast SEO plugin v27.2 - https:\/\/yoast.com\/product\/yoast-seo-wordpress\/ -->\n<title>DS\/Pharma-Anwendungslabor - Disproquima<\/title>\n<meta name=\"robots\" content=\"index, follow, max-snippet:-1, max-image-preview:large, max-video-preview:-1\" \/>\n<link rel=\"canonical\" href=\"https:\/\/disproquima.com\/de\/ds-pharma-anwendungslabor\/\" \/>\n<meta property=\"og:locale\" content=\"de_DE\" \/>\n<meta property=\"og:type\" content=\"article\" \/>\n<meta property=\"og:title\" content=\"DS\/Pharma-Anwendungslabor - Disproquima\" \/>\n<meta property=\"og:description\" content=\"Entdecken Sie die Spitze der Gesundheitsinnovation mit unserem neuen Anwendungslabor f\u00fcr Pharmazeutika und Nahrungserg\u00e4nzungsmittel. Wir sind Ihr engagierter Partner in den dynamischen Bereichen der Pharmazeutika und Nahrungserg\u00e4nzungsmittel und haben es uns zur Aufgabe gemacht, Ihre Vision Wirklichkeit werden zu lassen. Ganz gleich, ob Sie an Rezepturen arbeiten, Unterst\u00fctzung bei laufenden Projekten suchen oder branchenspezifische Herausforderungen [&hellip;]\" \/>\n<meta property=\"og:url\" content=\"https:\/\/disproquima.com\/de\/ds-pharma-anwendungslabor\/\" \/>\n<meta property=\"og:site_name\" content=\"Disproquima\" \/>\n<meta property=\"article:modified_time\" content=\"2025-07-07T17:14:37+00:00\" \/>\n<meta property=\"og:image\" content=\"https:\/\/disproquima.com\/wp-content\/uploads\/2024\/04\/pharmaap.webp\" \/>\n\t<meta property=\"og:image:width\" content=\"2180\" \/>\n\t<meta property=\"og:image:height\" content=\"1172\" \/>\n\t<meta property=\"og:image:type\" content=\"image\/webp\" \/>\n<meta name=\"twitter:card\" content=\"summary_large_image\" \/>\n<meta name=\"twitter:label1\" content=\"Gesch\u00e4tzte Lesezeit\" \/>\n\t<meta name=\"twitter:data1\" content=\"1\u00a0Minute\" \/>\n<script type=\"application\/ld+json\" class=\"yoast-schema-graph\">{\"@context\":\"https:\/\/schema.org\",\"@graph\":[{\"@type\":\"WebPage\",\"@id\":\"https:\/\/disproquima.com\/de\/ds-pharma-anwendungslabor\/\",\"url\":\"https:\/\/disproquima.com\/de\/ds-pharma-anwendungslabor\/\",\"name\":\"DS\/Pharma-Anwendungslabor - Disproquima\",\"isPartOf\":{\"@id\":\"https:\/\/disproquima.com\/de\/#website\"},\"primaryImageOfPage\":{\"@id\":\"https:\/\/disproquima.com\/de\/ds-pharma-anwendungslabor\/#primaryimage\"},\"image\":{\"@id\":\"https:\/\/disproquima.com\/de\/ds-pharma-anwendungslabor\/#primaryimage\"},\"thumbnailUrl\":\"https:\/\/disproquima.com\/wp-content\/uploads\/2024\/04\/pharmaap.webp\",\"datePublished\":\"2023-07-19T09:54:20+00:00\",\"dateModified\":\"2025-07-07T17:14:37+00:00\",\"inLanguage\":\"de\",\"potentialAction\":[{\"@type\":\"ReadAction\",\"target\":[\"https:\/\/disproquima.com\/de\/ds-pharma-anwendungslabor\/\"]}]},{\"@type\":\"ImageObject\",\"inLanguage\":\"de\",\"@id\":\"https:\/\/disproquima.com\/de\/ds-pharma-anwendungslabor\/#primaryimage\",\"url\":\"https:\/\/disproquima.com\/wp-content\/uploads\/2024\/04\/pharmaap.webp\",\"contentUrl\":\"https:\/\/disproquima.com\/wp-content\/uploads\/2024\/04\/pharmaap.webp\",\"width\":2180,\"height\":1172},{\"@type\":\"WebSite\",\"@id\":\"https:\/\/disproquima.com\/de\/#website\",\"url\":\"https:\/\/disproquima.com\/de\/\",\"name\":\"Disproquima\",\"description\":\"\",\"potentialAction\":[{\"@type\":\"SearchAction\",\"target\":{\"@type\":\"EntryPoint\",\"urlTemplate\":\"https:\/\/disproquima.com\/de\/?s={search_term_string}\"},\"query-input\":{\"@type\":\"PropertyValueSpecification\",\"valueRequired\":true,\"valueName\":\"search_term_string\"}}],\"inLanguage\":\"de\"}]}<\/script>\n<!-- \/ Yoast SEO plugin. -->","yoast_head_json":{"title":"DS\/Pharma-Anwendungslabor - Disproquima","robots":{"index":"index","follow":"follow","max-snippet":"max-snippet:-1","max-image-preview":"max-image-preview:large","max-video-preview":"max-video-preview:-1"},"canonical":"https:\/\/disproquima.com\/de\/ds-pharma-anwendungslabor\/","og_locale":"de_DE","og_type":"article","og_title":"DS\/Pharma-Anwendungslabor - Disproquima","og_description":"Entdecken Sie die Spitze der Gesundheitsinnovation mit unserem neuen Anwendungslabor f\u00fcr Pharmazeutika und Nahrungserg\u00e4nzungsmittel. Wir sind Ihr engagierter Partner in den dynamischen Bereichen der Pharmazeutika und Nahrungserg\u00e4nzungsmittel und haben es uns zur Aufgabe gemacht, Ihre Vision Wirklichkeit werden zu lassen. Ganz gleich, ob Sie an Rezepturen arbeiten, Unterst\u00fctzung bei laufenden Projekten suchen oder branchenspezifische Herausforderungen [&hellip;]","og_url":"https:\/\/disproquima.com\/de\/ds-pharma-anwendungslabor\/","og_site_name":"Disproquima","article_modified_time":"2025-07-07T17:14:37+00:00","og_image":[{"width":2180,"height":1172,"url":"https:\/\/disproquima.com\/wp-content\/uploads\/2024\/04\/pharmaap.webp","type":"image\/webp"}],"twitter_card":"summary_large_image","twitter_misc":{"Gesch\u00e4tzte Lesezeit":"1\u00a0Minute"},"schema":{"@context":"https:\/\/schema.org","@graph":[{"@type":"WebPage","@id":"https:\/\/disproquima.com\/de\/ds-pharma-anwendungslabor\/","url":"https:\/\/disproquima.com\/de\/ds-pharma-anwendungslabor\/","name":"DS\/Pharma-Anwendungslabor - Disproquima","isPartOf":{"@id":"https:\/\/disproquima.com\/de\/#website"},"primaryImageOfPage":{"@id":"https:\/\/disproquima.com\/de\/ds-pharma-anwendungslabor\/#primaryimage"},"image":{"@id":"https:\/\/disproquima.com\/de\/ds-pharma-anwendungslabor\/#primaryimage"},"thumbnailUrl":"https:\/\/disproquima.com\/wp-content\/uploads\/2024\/04\/pharmaap.webp","datePublished":"2023-07-19T09:54:20+00:00","dateModified":"2025-07-07T17:14:37+00:00","inLanguage":"de","potentialAction":[{"@type":"ReadAction","target":["https:\/\/disproquima.com\/de\/ds-pharma-anwendungslabor\/"]}]},{"@type":"ImageObject","inLanguage":"de","@id":"https:\/\/disproquima.com\/de\/ds-pharma-anwendungslabor\/#primaryimage","url":"https:\/\/disproquima.com\/wp-content\/uploads\/2024\/04\/pharmaap.webp","contentUrl":"https:\/\/disproquima.com\/wp-content\/uploads\/2024\/04\/pharmaap.webp","width":2180,"height":1172},{"@type":"WebSite","@id":"https:\/\/disproquima.com\/de\/#website","url":"https:\/\/disproquima.com\/de\/","name":"Disproquima","description":"","potentialAction":[{"@type":"SearchAction","target":{"@type":"EntryPoint","urlTemplate":"https:\/\/disproquima.com\/de\/?s={search_term_string}"},"query-input":{"@type":"PropertyValueSpecification","valueRequired":true,"valueName":"search_term_string"}}],"inLanguage":"de"}]}},"_links":{"self":[{"href":"https:\/\/disproquima.com\/de\/wp-json\/wp\/v2\/pages\/4762","targetHints":{"allow":["GET"]}}],"collection":[{"href":"https:\/\/disproquima.com\/de\/wp-json\/wp\/v2\/pages"}],"about":[{"href":"https:\/\/disproquima.com\/de\/wp-json\/wp\/v2\/types\/page"}],"author":[{"embeddable":true,"href":"https:\/\/disproquima.com\/de\/wp-json\/wp\/v2\/users\/1"}],"replies":[{"embeddable":true,"href":"https:\/\/disproquima.com\/de\/wp-json\/wp\/v2\/comments?post=4762"}],"version-history":[{"count":3,"href":"https:\/\/disproquima.com\/de\/wp-json\/wp\/v2\/pages\/4762\/revisions"}],"predecessor-version":[{"id":4773,"href":"https:\/\/disproquima.com\/de\/wp-json\/wp\/v2\/pages\/4762\/revisions\/4773"}],"wp:featuredmedia":[{"embeddable":true,"href":"https:\/\/disproquima.com\/de\/wp-json\/wp\/v2\/media\/4157"}],"wp:attachment":[{"href":"https:\/\/disproquima.com\/de\/wp-json\/wp\/v2\/media?parent=4762"}],"curies":[{"name":"wp","href":"https:\/\/api.w.org\/{rel}","templated":true}]}}