{"id":4764,"date":"2023-07-19T09:54:20","date_gmt":"2023-07-19T09:54:20","guid":{"rendered":"https:\/\/disproquima.com\/?page_id=4764"},"modified":"2025-10-27T11:09:58","modified_gmt":"2025-10-27T11:09:58","slug":"anwendungslabor-lebensmittel-getraenke","status":"publish","type":"page","link":"https:\/\/disproquima.com\/de\/anwendungslabor-lebensmittel-getraenke\/","title":{"rendered":"Anwendungslabor Lebensmittel &#038; Getr\u00e4nke\u2028"},"content":{"rendered":"<p>Im Mittelpunkt unseres Engagements als Ihr engagierter Partner steht unser Food &amp; Bev. Applications Lab. Wir stehen Ihnen in jedem Aspekt Ihres Vorhabens zur Seite \u2013 sei es bei der <strong>Entwicklung innovativer Produkte<\/strong>, der Bew\u00e4ltigung bestehender Herausforderungen oder der Kostenoptimierung. Unsere Abteilung f\u00fcr Lebensmittelanwendungen steht bereit, um Ihnen eine F\u00fclle von Ideen, praktische Entwicklung, umfassendes Wissen und benutzerfreundliche Anweisungen anzubieten, die Sie durch den Prozess der Markteinf\u00fchrung innovativer Produkte oder der Einf\u00fchrung funktionaler Vorschl\u00e4ge auf den Markt f\u00fchren. Gemeinsam verwandeln wir Inspiration in Produkte f\u00fcr Endverbraucher.<\/p>\n","protected":false},"excerpt":{"rendered":"<p>Im Mittelpunkt unseres Engagements als Ihr engagierter Partner steht unser Food &amp; Bev. Applications Lab. Wir stehen Ihnen in jedem Aspekt Ihres Vorhabens zur Seite \u2013 sei es bei der Entwicklung innovativer Produkte, der Bew\u00e4ltigung bestehender Herausforderungen oder der Kostenoptimierung. Unsere Abteilung f\u00fcr Lebensmittelanwendungen steht bereit, um Ihnen eine F\u00fclle von Ideen, praktische Entwicklung, umfassendes [&hellip;]<\/p>\n","protected":false},"author":1,"featured_media":4015,"parent":0,"menu_order":0,"comment_status":"closed","ping_status":"closed","template":"","meta":{"footnotes":""},"class_list":["post-4764","page","type-page","status-publish","has-post-thumbnail","hentry"],"acf":[],"yoast_head":"<!-- This site is optimized with the Yoast SEO plugin v27.2 - https:\/\/yoast.com\/product\/yoast-seo-wordpress\/ -->\n<title>Anwendungslabor Lebensmittel &amp; Getr\u00e4nke\u2028 - Disproquima<\/title>\n<meta name=\"robots\" content=\"index, follow, max-snippet:-1, max-image-preview:large, max-video-preview:-1\" \/>\n<link rel=\"canonical\" href=\"https:\/\/disproquima.com\/de\/anwendungslabor-lebensmittel-getraenke\/\" \/>\n<meta property=\"og:locale\" content=\"de_DE\" \/>\n<meta property=\"og:type\" content=\"article\" \/>\n<meta property=\"og:title\" content=\"Anwendungslabor Lebensmittel &amp; Getr\u00e4nke\u2028 - Disproquima\" \/>\n<meta property=\"og:description\" content=\"Im Mittelpunkt unseres Engagements als Ihr engagierter Partner steht unser Food &amp; Bev. Applications Lab. Wir stehen Ihnen in jedem Aspekt Ihres Vorhabens zur Seite \u2013 sei es bei der Entwicklung innovativer Produkte, der Bew\u00e4ltigung bestehender Herausforderungen oder der Kostenoptimierung. Unsere Abteilung f\u00fcr Lebensmittelanwendungen steht bereit, um Ihnen eine F\u00fclle von Ideen, praktische Entwicklung, umfassendes [&hellip;]\" \/>\n<meta property=\"og:url\" content=\"https:\/\/disproquima.com\/de\/anwendungslabor-lebensmittel-getraenke\/\" \/>\n<meta property=\"og:site_name\" content=\"Disproquima\" \/>\n<meta property=\"article:modified_time\" content=\"2025-10-27T11:09:58+00:00\" \/>\n<meta property=\"og:image\" content=\"https:\/\/disproquima.com\/wp-content\/uploads\/2024\/01\/p.jpg\" \/>\n\t<meta property=\"og:image:width\" content=\"1584\" \/>\n\t<meta property=\"og:image:height\" content=\"874\" \/>\n\t<meta property=\"og:image:type\" content=\"image\/jpeg\" \/>\n<meta name=\"twitter:card\" content=\"summary_large_image\" \/>\n<meta name=\"twitter:label1\" content=\"Gesch\u00e4tzte Lesezeit\" \/>\n\t<meta name=\"twitter:data1\" content=\"1\u00a0Minute\" \/>\n<script type=\"application\/ld+json\" class=\"yoast-schema-graph\">{\"@context\":\"https:\/\/schema.org\",\"@graph\":[{\"@type\":\"WebPage\",\"@id\":\"https:\/\/disproquima.com\/de\/anwendungslabor-lebensmittel-getraenke\/\",\"url\":\"https:\/\/disproquima.com\/de\/anwendungslabor-lebensmittel-getraenke\/\",\"name\":\"Anwendungslabor Lebensmittel & Getr\u00e4nke\\u2028 - Disproquima\",\"isPartOf\":{\"@id\":\"https:\/\/disproquima.com\/de\/#website\"},\"primaryImageOfPage\":{\"@id\":\"https:\/\/disproquima.com\/de\/anwendungslabor-lebensmittel-getraenke\/#primaryimage\"},\"image\":{\"@id\":\"https:\/\/disproquima.com\/de\/anwendungslabor-lebensmittel-getraenke\/#primaryimage\"},\"thumbnailUrl\":\"https:\/\/disproquima.com\/wp-content\/uploads\/2024\/01\/p.jpg\",\"datePublished\":\"2023-07-19T09:54:20+00:00\",\"dateModified\":\"2025-10-27T11:09:58+00:00\",\"inLanguage\":\"de\",\"potentialAction\":[{\"@type\":\"ReadAction\",\"target\":[\"https:\/\/disproquima.com\/de\/anwendungslabor-lebensmittel-getraenke\/\"]}]},{\"@type\":\"ImageObject\",\"inLanguage\":\"de\",\"@id\":\"https:\/\/disproquima.com\/de\/anwendungslabor-lebensmittel-getraenke\/#primaryimage\",\"url\":\"https:\/\/disproquima.com\/wp-content\/uploads\/2024\/01\/p.jpg\",\"contentUrl\":\"https:\/\/disproquima.com\/wp-content\/uploads\/2024\/01\/p.jpg\",\"width\":1584,\"height\":874},{\"@type\":\"WebSite\",\"@id\":\"https:\/\/disproquima.com\/de\/#website\",\"url\":\"https:\/\/disproquima.com\/de\/\",\"name\":\"Disproquima\",\"description\":\"\",\"potentialAction\":[{\"@type\":\"SearchAction\",\"target\":{\"@type\":\"EntryPoint\",\"urlTemplate\":\"https:\/\/disproquima.com\/de\/?s={search_term_string}\"},\"query-input\":{\"@type\":\"PropertyValueSpecification\",\"valueRequired\":true,\"valueName\":\"search_term_string\"}}],\"inLanguage\":\"de\"}]}<\/script>\n<!-- \/ Yoast SEO plugin. -->","yoast_head_json":{"title":"Anwendungslabor Lebensmittel & Getr\u00e4nke\u2028 - Disproquima","robots":{"index":"index","follow":"follow","max-snippet":"max-snippet:-1","max-image-preview":"max-image-preview:large","max-video-preview":"max-video-preview:-1"},"canonical":"https:\/\/disproquima.com\/de\/anwendungslabor-lebensmittel-getraenke\/","og_locale":"de_DE","og_type":"article","og_title":"Anwendungslabor Lebensmittel & Getr\u00e4nke\u2028 - Disproquima","og_description":"Im Mittelpunkt unseres Engagements als Ihr engagierter Partner steht unser Food &amp; Bev. Applications Lab. Wir stehen Ihnen in jedem Aspekt Ihres Vorhabens zur Seite \u2013 sei es bei der Entwicklung innovativer Produkte, der Bew\u00e4ltigung bestehender Herausforderungen oder der Kostenoptimierung. Unsere Abteilung f\u00fcr Lebensmittelanwendungen steht bereit, um Ihnen eine F\u00fclle von Ideen, praktische Entwicklung, umfassendes [&hellip;]","og_url":"https:\/\/disproquima.com\/de\/anwendungslabor-lebensmittel-getraenke\/","og_site_name":"Disproquima","article_modified_time":"2025-10-27T11:09:58+00:00","og_image":[{"width":1584,"height":874,"url":"https:\/\/disproquima.com\/wp-content\/uploads\/2024\/01\/p.jpg","type":"image\/jpeg"}],"twitter_card":"summary_large_image","twitter_misc":{"Gesch\u00e4tzte Lesezeit":"1\u00a0Minute"},"schema":{"@context":"https:\/\/schema.org","@graph":[{"@type":"WebPage","@id":"https:\/\/disproquima.com\/de\/anwendungslabor-lebensmittel-getraenke\/","url":"https:\/\/disproquima.com\/de\/anwendungslabor-lebensmittel-getraenke\/","name":"Anwendungslabor Lebensmittel & Getr\u00e4nke\u2028 - Disproquima","isPartOf":{"@id":"https:\/\/disproquima.com\/de\/#website"},"primaryImageOfPage":{"@id":"https:\/\/disproquima.com\/de\/anwendungslabor-lebensmittel-getraenke\/#primaryimage"},"image":{"@id":"https:\/\/disproquima.com\/de\/anwendungslabor-lebensmittel-getraenke\/#primaryimage"},"thumbnailUrl":"https:\/\/disproquima.com\/wp-content\/uploads\/2024\/01\/p.jpg","datePublished":"2023-07-19T09:54:20+00:00","dateModified":"2025-10-27T11:09:58+00:00","inLanguage":"de","potentialAction":[{"@type":"ReadAction","target":["https:\/\/disproquima.com\/de\/anwendungslabor-lebensmittel-getraenke\/"]}]},{"@type":"ImageObject","inLanguage":"de","@id":"https:\/\/disproquima.com\/de\/anwendungslabor-lebensmittel-getraenke\/#primaryimage","url":"https:\/\/disproquima.com\/wp-content\/uploads\/2024\/01\/p.jpg","contentUrl":"https:\/\/disproquima.com\/wp-content\/uploads\/2024\/01\/p.jpg","width":1584,"height":874},{"@type":"WebSite","@id":"https:\/\/disproquima.com\/de\/#website","url":"https:\/\/disproquima.com\/de\/","name":"Disproquima","description":"","potentialAction":[{"@type":"SearchAction","target":{"@type":"EntryPoint","urlTemplate":"https:\/\/disproquima.com\/de\/?s={search_term_string}"},"query-input":{"@type":"PropertyValueSpecification","valueRequired":true,"valueName":"search_term_string"}}],"inLanguage":"de"}]}},"_links":{"self":[{"href":"https:\/\/disproquima.com\/de\/wp-json\/wp\/v2\/pages\/4764","targetHints":{"allow":["GET"]}}],"collection":[{"href":"https:\/\/disproquima.com\/de\/wp-json\/wp\/v2\/pages"}],"about":[{"href":"https:\/\/disproquima.com\/de\/wp-json\/wp\/v2\/types\/page"}],"author":[{"embeddable":true,"href":"https:\/\/disproquima.com\/de\/wp-json\/wp\/v2\/users\/1"}],"replies":[{"embeddable":true,"href":"https:\/\/disproquima.com\/de\/wp-json\/wp\/v2\/comments?post=4764"}],"version-history":[{"count":4,"href":"https:\/\/disproquima.com\/de\/wp-json\/wp\/v2\/pages\/4764\/revisions"}],"predecessor-version":[{"id":5049,"href":"https:\/\/disproquima.com\/de\/wp-json\/wp\/v2\/pages\/4764\/revisions\/5049"}],"wp:featuredmedia":[{"embeddable":true,"href":"https:\/\/disproquima.com\/de\/wp-json\/wp\/v2\/media\/4015"}],"wp:attachment":[{"href":"https:\/\/disproquima.com\/de\/wp-json\/wp\/v2\/media?parent=4764"}],"curies":[{"name":"wp","href":"https:\/\/api.w.org\/{rel}","templated":true}]}}