{"id":4766,"date":"2023-07-19T09:54:20","date_gmt":"2023-07-19T09:54:20","guid":{"rendered":"https:\/\/disproquima.com\/?page_id=4766"},"modified":"2025-08-21T08:44:33","modified_gmt":"2025-08-21T08:44:33","slug":"pc-anwendungslabor","status":"publish","type":"page","link":"https:\/\/disproquima.com\/de\/pc-anwendungslabor\/","title":{"rendered":"PC-Anwendungslabor"},"content":{"rendered":"<p>Begeben Sie sich mit unserem Personal Care Applications Lab auf eine Reise der Innovation. Lassen Sie unsere Rezepturen die treibende Kraft hinter Ihren erfolgreichen Sch\u00f6nheitsprodukten sein. Ganz gleich, ob Sie neue, bahnbrechende Rezepturen auf den Markt bringen oder Unterst\u00fctzung f\u00fcr bestehende Projekte suchen, unser engagiertes Team steht Ihnen zur Seite. Von der L\u00f6sung von Fragen zu Inhaltsstoffen bis hin zu wertvollen Ratschl\u00e4gen zur Kostensenkung und Ressourcenoptimierung. Unser Personal Care Applications Lab ist Ihr strategischer Partner auf dem Weg zu Spitzenleistungen. Lassen Sie uns der Katalysator f\u00fcr Ihren Erfolg in der dynamischen Welt der Haut-, Sonnen-, Haar-, Mund- und Intimpflege sein.<\/p>\n","protected":false},"excerpt":{"rendered":"<p>Begeben Sie sich mit unserem Personal Care Applications Lab auf eine Reise der Innovation. Lassen Sie unsere Rezepturen die treibende Kraft hinter Ihren erfolgreichen Sch\u00f6nheitsprodukten sein. Ganz gleich, ob Sie neue, bahnbrechende Rezepturen auf den Markt bringen oder Unterst\u00fctzung f\u00fcr bestehende Projekte suchen, unser engagiertes Team steht Ihnen zur Seite. Von der L\u00f6sung von Fragen [&hellip;]<\/p>\n","protected":false},"author":1,"featured_media":4153,"parent":0,"menu_order":0,"comment_status":"closed","ping_status":"closed","template":"","meta":{"footnotes":""},"class_list":["post-4766","page","type-page","status-publish","has-post-thumbnail","hentry"],"acf":[],"yoast_head":"<!-- This site is optimized with the Yoast SEO plugin v27.2 - https:\/\/yoast.com\/product\/yoast-seo-wordpress\/ -->\n<title>PC-Anwendungslabor - Disproquima<\/title>\n<meta name=\"robots\" content=\"index, follow, max-snippet:-1, max-image-preview:large, max-video-preview:-1\" \/>\n<link rel=\"canonical\" href=\"https:\/\/disproquima.com\/de\/pc-anwendungslabor\/\" \/>\n<meta property=\"og:locale\" content=\"de_DE\" \/>\n<meta property=\"og:type\" content=\"article\" \/>\n<meta property=\"og:title\" content=\"PC-Anwendungslabor - Disproquima\" \/>\n<meta property=\"og:description\" content=\"Begeben Sie sich mit unserem Personal Care Applications Lab auf eine Reise der Innovation. Lassen Sie unsere Rezepturen die treibende Kraft hinter Ihren erfolgreichen Sch\u00f6nheitsprodukten sein. Ganz gleich, ob Sie neue, bahnbrechende Rezepturen auf den Markt bringen oder Unterst\u00fctzung f\u00fcr bestehende Projekte suchen, unser engagiertes Team steht Ihnen zur Seite. Von der L\u00f6sung von Fragen [&hellip;]\" \/>\n<meta property=\"og:url\" content=\"https:\/\/disproquima.com\/de\/pc-anwendungslabor\/\" \/>\n<meta property=\"og:site_name\" content=\"Disproquima\" \/>\n<meta property=\"article:modified_time\" content=\"2025-08-21T08:44:33+00:00\" \/>\n<meta property=\"og:image\" content=\"https:\/\/disproquima.com\/wp-content\/uploads\/2024\/04\/pc-1.webp\" \/>\n\t<meta property=\"og:image:width\" content=\"2183\" \/>\n\t<meta property=\"og:image:height\" content=\"1189\" \/>\n\t<meta property=\"og:image:type\" content=\"image\/webp\" \/>\n<meta name=\"twitter:card\" content=\"summary_large_image\" \/>\n<meta name=\"twitter:label1\" content=\"Gesch\u00e4tzte Lesezeit\" \/>\n\t<meta name=\"twitter:data1\" content=\"1\u00a0Minute\" \/>\n<script type=\"application\/ld+json\" class=\"yoast-schema-graph\">{\"@context\":\"https:\/\/schema.org\",\"@graph\":[{\"@type\":\"WebPage\",\"@id\":\"https:\/\/disproquima.com\/de\/pc-anwendungslabor\/\",\"url\":\"https:\/\/disproquima.com\/de\/pc-anwendungslabor\/\",\"name\":\"PC-Anwendungslabor - Disproquima\",\"isPartOf\":{\"@id\":\"https:\/\/disproquima.com\/de\/#website\"},\"primaryImageOfPage\":{\"@id\":\"https:\/\/disproquima.com\/de\/pc-anwendungslabor\/#primaryimage\"},\"image\":{\"@id\":\"https:\/\/disproquima.com\/de\/pc-anwendungslabor\/#primaryimage\"},\"thumbnailUrl\":\"https:\/\/disproquima.com\/wp-content\/uploads\/2024\/04\/pc-1.webp\",\"datePublished\":\"2023-07-19T09:54:20+00:00\",\"dateModified\":\"2025-08-21T08:44:33+00:00\",\"inLanguage\":\"de\",\"potentialAction\":[{\"@type\":\"ReadAction\",\"target\":[\"https:\/\/disproquima.com\/de\/pc-anwendungslabor\/\"]}]},{\"@type\":\"ImageObject\",\"inLanguage\":\"de\",\"@id\":\"https:\/\/disproquima.com\/de\/pc-anwendungslabor\/#primaryimage\",\"url\":\"https:\/\/disproquima.com\/wp-content\/uploads\/2024\/04\/pc-1.webp\",\"contentUrl\":\"https:\/\/disproquima.com\/wp-content\/uploads\/2024\/04\/pc-1.webp\",\"width\":2183,\"height\":1189},{\"@type\":\"WebSite\",\"@id\":\"https:\/\/disproquima.com\/de\/#website\",\"url\":\"https:\/\/disproquima.com\/de\/\",\"name\":\"Disproquima\",\"description\":\"\",\"potentialAction\":[{\"@type\":\"SearchAction\",\"target\":{\"@type\":\"EntryPoint\",\"urlTemplate\":\"https:\/\/disproquima.com\/de\/?s={search_term_string}\"},\"query-input\":{\"@type\":\"PropertyValueSpecification\",\"valueRequired\":true,\"valueName\":\"search_term_string\"}}],\"inLanguage\":\"de\"}]}<\/script>\n<!-- \/ Yoast SEO plugin. -->","yoast_head_json":{"title":"PC-Anwendungslabor - Disproquima","robots":{"index":"index","follow":"follow","max-snippet":"max-snippet:-1","max-image-preview":"max-image-preview:large","max-video-preview":"max-video-preview:-1"},"canonical":"https:\/\/disproquima.com\/de\/pc-anwendungslabor\/","og_locale":"de_DE","og_type":"article","og_title":"PC-Anwendungslabor - Disproquima","og_description":"Begeben Sie sich mit unserem Personal Care Applications Lab auf eine Reise der Innovation. Lassen Sie unsere Rezepturen die treibende Kraft hinter Ihren erfolgreichen Sch\u00f6nheitsprodukten sein. Ganz gleich, ob Sie neue, bahnbrechende Rezepturen auf den Markt bringen oder Unterst\u00fctzung f\u00fcr bestehende Projekte suchen, unser engagiertes Team steht Ihnen zur Seite. Von der L\u00f6sung von Fragen [&hellip;]","og_url":"https:\/\/disproquima.com\/de\/pc-anwendungslabor\/","og_site_name":"Disproquima","article_modified_time":"2025-08-21T08:44:33+00:00","og_image":[{"width":2183,"height":1189,"url":"https:\/\/disproquima.com\/wp-content\/uploads\/2024\/04\/pc-1.webp","type":"image\/webp"}],"twitter_card":"summary_large_image","twitter_misc":{"Gesch\u00e4tzte Lesezeit":"1\u00a0Minute"},"schema":{"@context":"https:\/\/schema.org","@graph":[{"@type":"WebPage","@id":"https:\/\/disproquima.com\/de\/pc-anwendungslabor\/","url":"https:\/\/disproquima.com\/de\/pc-anwendungslabor\/","name":"PC-Anwendungslabor - Disproquima","isPartOf":{"@id":"https:\/\/disproquima.com\/de\/#website"},"primaryImageOfPage":{"@id":"https:\/\/disproquima.com\/de\/pc-anwendungslabor\/#primaryimage"},"image":{"@id":"https:\/\/disproquima.com\/de\/pc-anwendungslabor\/#primaryimage"},"thumbnailUrl":"https:\/\/disproquima.com\/wp-content\/uploads\/2024\/04\/pc-1.webp","datePublished":"2023-07-19T09:54:20+00:00","dateModified":"2025-08-21T08:44:33+00:00","inLanguage":"de","potentialAction":[{"@type":"ReadAction","target":["https:\/\/disproquima.com\/de\/pc-anwendungslabor\/"]}]},{"@type":"ImageObject","inLanguage":"de","@id":"https:\/\/disproquima.com\/de\/pc-anwendungslabor\/#primaryimage","url":"https:\/\/disproquima.com\/wp-content\/uploads\/2024\/04\/pc-1.webp","contentUrl":"https:\/\/disproquima.com\/wp-content\/uploads\/2024\/04\/pc-1.webp","width":2183,"height":1189},{"@type":"WebSite","@id":"https:\/\/disproquima.com\/de\/#website","url":"https:\/\/disproquima.com\/de\/","name":"Disproquima","description":"","potentialAction":[{"@type":"SearchAction","target":{"@type":"EntryPoint","urlTemplate":"https:\/\/disproquima.com\/de\/?s={search_term_string}"},"query-input":{"@type":"PropertyValueSpecification","valueRequired":true,"valueName":"search_term_string"}}],"inLanguage":"de"}]}},"_links":{"self":[{"href":"https:\/\/disproquima.com\/de\/wp-json\/wp\/v2\/pages\/4766","targetHints":{"allow":["GET"]}}],"collection":[{"href":"https:\/\/disproquima.com\/de\/wp-json\/wp\/v2\/pages"}],"about":[{"href":"https:\/\/disproquima.com\/de\/wp-json\/wp\/v2\/types\/page"}],"author":[{"embeddable":true,"href":"https:\/\/disproquima.com\/de\/wp-json\/wp\/v2\/users\/1"}],"replies":[{"embeddable":true,"href":"https:\/\/disproquima.com\/de\/wp-json\/wp\/v2\/comments?post=4766"}],"version-history":[{"count":4,"href":"https:\/\/disproquima.com\/de\/wp-json\/wp\/v2\/pages\/4766\/revisions"}],"predecessor-version":[{"id":4996,"href":"https:\/\/disproquima.com\/de\/wp-json\/wp\/v2\/pages\/4766\/revisions\/4996"}],"wp:featuredmedia":[{"embeddable":true,"href":"https:\/\/disproquima.com\/de\/wp-json\/wp\/v2\/media\/4153"}],"wp:attachment":[{"href":"https:\/\/disproquima.com\/de\/wp-json\/wp\/v2\/media?parent=4766"}],"curies":[{"name":"wp","href":"https:\/\/api.w.org\/{rel}","templated":true}]}}