{"id":2376,"date":"2023-07-19T09:54:20","date_gmt":"2023-07-19T09:54:20","guid":{"rendered":"https:\/\/disproquima.com\/?page_id=2376"},"modified":"2025-07-06T15:27:37","modified_gmt":"2025-07-06T15:27:37","slug":"food-beverage-applications-lab","status":"publish","type":"page","link":"https:\/\/disproquima.com\/es\/food-beverage-applications-lab\/","title":{"rendered":"Food &#038; Beverage Applications Lab"},"content":{"rendered":"<p>Desde nuestro Laboratorio de Aplicaciones Food &amp; Beverages te acompa\u00f1amos en cada paso de tu camino: desde el <strong>desarrollo de productos innovadores<\/strong> hasta la soluci\u00f3n de desaf\u00edos actuales y la <strong>optimizaci\u00f3n de costes<\/strong>. Nuestro equipo t\u00e9cnico especializado en Alimentaci\u00f3n y Bebidas est\u00e1 listo para ofrecerte ideas creativas, desarrollo pr\u00e1ctico, conocimientos amplios y gu\u00edas sencillas para facilitar el lanzamiento de productos innovadores o la introducci\u00f3n de propuestas funcionales en el mercado. Juntos convertiremos tus ideas en productos reales para los consumidores.<\/p>\n","protected":false},"excerpt":{"rendered":"<p>Desde nuestro Laboratorio de Aplicaciones Food &amp; Beverages te acompa\u00f1amos en cada paso de tu camino: desde el desarrollo de productos innovadores hasta la soluci\u00f3n de desaf\u00edos actuales y la optimizaci\u00f3n de costes. Nuestro equipo t\u00e9cnico especializado en Alimentaci\u00f3n y Bebidas est\u00e1 listo para ofrecerte ideas creativas, desarrollo pr\u00e1ctico, conocimientos amplios y gu\u00edas sencillas para [&hellip;]<\/p>\n","protected":false},"author":1,"featured_media":864,"parent":0,"menu_order":0,"comment_status":"closed","ping_status":"closed","template":"","meta":{"footnotes":""},"class_list":["post-2376","page","type-page","status-publish","has-post-thumbnail","hentry"],"acf":[],"yoast_head":"<!-- This site is optimized with the Yoast SEO plugin v27.2 - https:\/\/yoast.com\/product\/yoast-seo-wordpress\/ -->\n<title>Food &amp; Beverage Applications Lab - Disproquima<\/title>\n<meta name=\"robots\" content=\"index, follow, max-snippet:-1, max-image-preview:large, max-video-preview:-1\" \/>\n<link rel=\"canonical\" href=\"https:\/\/disproquima.com\/es\/food-beverage-applications-lab\/\" \/>\n<meta property=\"og:locale\" content=\"es_ES\" \/>\n<meta property=\"og:type\" content=\"article\" \/>\n<meta property=\"og:title\" content=\"Food &amp; Beverage Applications Lab - Disproquima\" \/>\n<meta property=\"og:description\" content=\"Desde nuestro Laboratorio de Aplicaciones Food &amp; Beverages te acompa\u00f1amos en cada paso de tu camino: desde el desarrollo de productos innovadores hasta la soluci\u00f3n de desaf\u00edos actuales y la optimizaci\u00f3n de costes. Nuestro equipo t\u00e9cnico especializado en Alimentaci\u00f3n y Bebidas est\u00e1 listo para ofrecerte ideas creativas, desarrollo pr\u00e1ctico, conocimientos amplios y gu\u00edas sencillas para [&hellip;]\" \/>\n<meta property=\"og:url\" content=\"https:\/\/disproquima.com\/es\/food-beverage-applications-lab\/\" \/>\n<meta property=\"og:site_name\" content=\"Disproquima\" \/>\n<meta property=\"article:modified_time\" content=\"2025-07-06T15:27:37+00:00\" \/>\n<meta property=\"og:image\" content=\"https:\/\/disproquima.com\/wp-content\/uploads\/2024\/01\/p.jpg\" \/>\n\t<meta property=\"og:image:width\" content=\"1584\" \/>\n\t<meta property=\"og:image:height\" content=\"874\" \/>\n\t<meta property=\"og:image:type\" content=\"image\/jpeg\" \/>\n<meta name=\"twitter:card\" content=\"summary_large_image\" \/>\n<meta name=\"twitter:label1\" content=\"Tiempo de lectura\" \/>\n\t<meta name=\"twitter:data1\" content=\"1 minuto\" \/>\n<script type=\"application\/ld+json\" class=\"yoast-schema-graph\">{\"@context\":\"https:\/\/schema.org\",\"@graph\":[{\"@type\":\"WebPage\",\"@id\":\"https:\/\/disproquima.com\/es\/food-beverage-applications-lab\/\",\"url\":\"https:\/\/disproquima.com\/es\/food-beverage-applications-lab\/\",\"name\":\"Food & Beverage Applications Lab - Disproquima\",\"isPartOf\":{\"@id\":\"https:\/\/disproquima.com\/es\/#website\"},\"primaryImageOfPage\":{\"@id\":\"https:\/\/disproquima.com\/es\/food-beverage-applications-lab\/#primaryimage\"},\"image\":{\"@id\":\"https:\/\/disproquima.com\/es\/food-beverage-applications-lab\/#primaryimage\"},\"thumbnailUrl\":\"https:\/\/disproquima.com\/wp-content\/uploads\/2024\/01\/p.jpg\",\"datePublished\":\"2023-07-19T09:54:20+00:00\",\"dateModified\":\"2025-07-06T15:27:37+00:00\",\"inLanguage\":\"es\",\"potentialAction\":[{\"@type\":\"ReadAction\",\"target\":[\"https:\/\/disproquima.com\/es\/food-beverage-applications-lab\/\"]}]},{\"@type\":\"ImageObject\",\"inLanguage\":\"es\",\"@id\":\"https:\/\/disproquima.com\/es\/food-beverage-applications-lab\/#primaryimage\",\"url\":\"https:\/\/disproquima.com\/wp-content\/uploads\/2024\/01\/p.jpg\",\"contentUrl\":\"https:\/\/disproquima.com\/wp-content\/uploads\/2024\/01\/p.jpg\",\"width\":1584,\"height\":874},{\"@type\":\"WebSite\",\"@id\":\"https:\/\/disproquima.com\/es\/#website\",\"url\":\"https:\/\/disproquima.com\/es\/\",\"name\":\"Disproquima\",\"description\":\"\",\"potentialAction\":[{\"@type\":\"SearchAction\",\"target\":{\"@type\":\"EntryPoint\",\"urlTemplate\":\"https:\/\/disproquima.com\/es\/?s={search_term_string}\"},\"query-input\":{\"@type\":\"PropertyValueSpecification\",\"valueRequired\":true,\"valueName\":\"search_term_string\"}}],\"inLanguage\":\"es\"}]}<\/script>\n<!-- \/ Yoast SEO plugin. -->","yoast_head_json":{"title":"Food & Beverage Applications Lab - Disproquima","robots":{"index":"index","follow":"follow","max-snippet":"max-snippet:-1","max-image-preview":"max-image-preview:large","max-video-preview":"max-video-preview:-1"},"canonical":"https:\/\/disproquima.com\/es\/food-beverage-applications-lab\/","og_locale":"es_ES","og_type":"article","og_title":"Food & Beverage Applications Lab - Disproquima","og_description":"Desde nuestro Laboratorio de Aplicaciones Food &amp; Beverages te acompa\u00f1amos en cada paso de tu camino: desde el desarrollo de productos innovadores hasta la soluci\u00f3n de desaf\u00edos actuales y la optimizaci\u00f3n de costes. Nuestro equipo t\u00e9cnico especializado en Alimentaci\u00f3n y Bebidas est\u00e1 listo para ofrecerte ideas creativas, desarrollo pr\u00e1ctico, conocimientos amplios y gu\u00edas sencillas para [&hellip;]","og_url":"https:\/\/disproquima.com\/es\/food-beverage-applications-lab\/","og_site_name":"Disproquima","article_modified_time":"2025-07-06T15:27:37+00:00","og_image":[{"width":1584,"height":874,"url":"https:\/\/disproquima.com\/wp-content\/uploads\/2024\/01\/p.jpg","type":"image\/jpeg"}],"twitter_card":"summary_large_image","twitter_misc":{"Tiempo de lectura":"1 minuto"},"schema":{"@context":"https:\/\/schema.org","@graph":[{"@type":"WebPage","@id":"https:\/\/disproquima.com\/es\/food-beverage-applications-lab\/","url":"https:\/\/disproquima.com\/es\/food-beverage-applications-lab\/","name":"Food & Beverage Applications Lab - Disproquima","isPartOf":{"@id":"https:\/\/disproquima.com\/es\/#website"},"primaryImageOfPage":{"@id":"https:\/\/disproquima.com\/es\/food-beverage-applications-lab\/#primaryimage"},"image":{"@id":"https:\/\/disproquima.com\/es\/food-beverage-applications-lab\/#primaryimage"},"thumbnailUrl":"https:\/\/disproquima.com\/wp-content\/uploads\/2024\/01\/p.jpg","datePublished":"2023-07-19T09:54:20+00:00","dateModified":"2025-07-06T15:27:37+00:00","inLanguage":"es","potentialAction":[{"@type":"ReadAction","target":["https:\/\/disproquima.com\/es\/food-beverage-applications-lab\/"]}]},{"@type":"ImageObject","inLanguage":"es","@id":"https:\/\/disproquima.com\/es\/food-beverage-applications-lab\/#primaryimage","url":"https:\/\/disproquima.com\/wp-content\/uploads\/2024\/01\/p.jpg","contentUrl":"https:\/\/disproquima.com\/wp-content\/uploads\/2024\/01\/p.jpg","width":1584,"height":874},{"@type":"WebSite","@id":"https:\/\/disproquima.com\/es\/#website","url":"https:\/\/disproquima.com\/es\/","name":"Disproquima","description":"","potentialAction":[{"@type":"SearchAction","target":{"@type":"EntryPoint","urlTemplate":"https:\/\/disproquima.com\/es\/?s={search_term_string}"},"query-input":{"@type":"PropertyValueSpecification","valueRequired":true,"valueName":"search_term_string"}}],"inLanguage":"es"}]}},"_links":{"self":[{"href":"https:\/\/disproquima.com\/es\/wp-json\/wp\/v2\/pages\/2376","targetHints":{"allow":["GET"]}}],"collection":[{"href":"https:\/\/disproquima.com\/es\/wp-json\/wp\/v2\/pages"}],"about":[{"href":"https:\/\/disproquima.com\/es\/wp-json\/wp\/v2\/types\/page"}],"author":[{"embeddable":true,"href":"https:\/\/disproquima.com\/es\/wp-json\/wp\/v2\/users\/1"}],"replies":[{"embeddable":true,"href":"https:\/\/disproquima.com\/es\/wp-json\/wp\/v2\/comments?post=2376"}],"version-history":[{"count":4,"href":"https:\/\/disproquima.com\/es\/wp-json\/wp\/v2\/pages\/2376\/revisions"}],"predecessor-version":[{"id":4707,"href":"https:\/\/disproquima.com\/es\/wp-json\/wp\/v2\/pages\/2376\/revisions\/4707"}],"wp:featuredmedia":[{"embeddable":true,"href":"https:\/\/disproquima.com\/es\/wp-json\/wp\/v2\/media\/864"}],"wp:attachment":[{"href":"https:\/\/disproquima.com\/es\/wp-json\/wp\/v2\/media?parent=2376"}],"curies":[{"name":"wp","href":"https:\/\/api.w.org\/{rel}","templated":true}]}}