{"id":2486,"date":"2023-03-24T06:34:26","date_gmt":"2023-03-24T06:34:26","guid":{"rendered":"https:\/\/disproquima.com\/?page_id=2486"},"modified":"2026-02-20T10:46:45","modified_gmt":"2026-02-20T10:46:45","slug":"compliance","status":"publish","type":"page","link":"https:\/\/disproquima.com\/es\/compliance\/","title":{"rendered":"Compliance"},"content":{"rendered":"<h2>Compliance<\/h2>\n<p>Desde sus inicios 50 a\u00f1os atr\u00e1s, cuando no se usaban estos t\u00e9rminos, DISPROQUIMA ha dado siempre mucha importancia a la responsabilidad corporativa, la \u00e9tica y la sostenibilidad.<\/p>\n<p>Desarrollamos nuestra actividad en cuatro continentes, gracias a un gran equipo de profesionales, siempre con el objetivo de ayudar a los clientes y proveedores, ofreci\u00e9ndoles un Mundo de Posibilidades, siempre con el foco puesto en el cumplimiento de las normativas que nos son aplicables y un c\u00f3digo \u00e9tico que nos hemos autoimpuesto.<\/p>\n<p>Nuestra pol\u00edtica de compliance, con \u00f3rgano de control interno y gesti\u00f3n de riesgos, es aplicada por nuestros empleados quienes nos ayudan cada d\u00eda a trabajar de manera responsable y a pedir a nuestros socios comerciales que sus conductas sean acordes con esa pol\u00edtica de responsabilidad social y medioambiental.<\/p>\n<p>Hemos incorporado un canal de denuncias para que, tanto empleados como externos, puedan transmitirnos sus denuncias, quejas o cuestiones: (<a href=\"https:\/\/disproquima.ilucca.net\/whistleblowing\/4qbyXtiB4BEbBtg\/\" target=\"_blank\" rel=\"noopener\">https:\/\/disproquima.ilucca.net\/whistleblowing\/4qbyXtiB4BEbBtg\/<\/a>) que garantiza el total anonimato. Las revisiones de conducta se llevar\u00e1n a cabo con la m\u00e1xima confidencialidad y aplicando la normativa de protecci\u00f3n de datos correspondiente.<\/p>\n<h3>CODIGO \u00c9TICO<\/h3>\n<p>Como parte importante de nuestra pol\u00edtica de Compliance est\u00e1 la Pol\u00edtica de Protecci\u00f3n de Datos.<\/p>\n<p>\u00bfQui\u00e9n es el responsable del tratamiento de los datos personales?<\/p>\n<p>De acuerdo a lo establecido en la normativa vigente, le informamos que los datos personales que pueda facilitar durante el uso de la web www.disproquima.com (en adelante \u201cla Web\u201d) ser\u00e1n tratados en calidad de Responsable del tratamiento por el DISPROQUIMA, S.A.U (en adelante, \u201cDISPROQUIMA\u201d), con CIF: ESA08356057, domicilio social en c\/ Terra, 42 P.I. ELS BELLOTS 08227 TERRASSA.<\/p>\n<p>Podr\u00e1 ponerse en contacto con el Responsable del Fichero a trav\u00e9s del Correo electr\u00f3nico: dataprotect@disproquima.com<\/p>\n<p><strong>\u00bfEst\u00e1 obligado a facilitar datos personales?<\/strong><\/p>\n<p>La visita a la Web no supone que el usuario est\u00e9 obligado a facilitar ninguna informaci\u00f3n sobre s\u00ed mismo. No obstante, el uso de algunos de los servicios disponible en la Web depende de la cumplimentaci\u00f3n de formularios de informaci\u00f3n personal.<\/p>\n<p>Los datos que se soliciten en los diferentes formularios de la Web son los necesarios para prestar los servicios solicitados. La negativa a proporcionar los datos se\u00f1alados como necesarios puede suponer la imposibilidad de prestar adecuadamente dichos servicios. As\u00ed mismo, podr\u00e1 facilitar datos de modo voluntario con el objetivo de que puedan prestarse de modo \u00f3ptimo estos servicios.<\/p>\n<p>Igualmente, determinadas funcionalidades de la web dependen de que usted autorice el tratamiento de sus datos personales.<\/p>\n<p><strong>\u00a0\u00bfCon qu\u00e9 finalidad tratar\u00e1 DISPROQUIMA los datos personales del usuario y cu\u00e1nto tiempo?<\/strong><\/p>\n<p>Los datos personales que facilite para la prestaci\u00f3n de los distintos servicios puestos a disposici\u00f3n a trav\u00e9s del Sitio Web ser\u00e1n tratados por DISPROQUIMA para dar respuesta a sus solicitudes y preguntas realizadas a trav\u00e9s del email de contacto, enviarle novedades de nuestros productos o bien para usar los datos facilitados por usted para alg\u00fan proceso de selecci\u00f3n de personal; as\u00ed como, si as\u00ed nos lo solicita o lo autoriza con respecto a las cookies que instalamos, para adaptar la p\u00e1gina web a sus necesidades.<\/p>\n<p>En el momento de solicitar cualquiera de los servicios o hacer uso de las funcionalidades indicadas, se le ofrecer\u00e1 informaci\u00f3n m\u00e1s detallada sobre los concretos tratamientos.<\/p>\n<p>Por tanto, la base jur\u00eddica que legitima el tratamiento ser\u00e1 su consentimiento o la relaci\u00f3n contractual previa, en su caso.<\/p>\n<p><strong>\u00bfDurante cu\u00e1nto tiempo tratar\u00e1 DISPROQUIMA los datos personales<\/strong><\/p>\n<p>Los datos del Usuario ser\u00e1n conservados mientras sean necesarios para la prestaci\u00f3n de los servicios solicitados y, una vez finalizada dicha prestaci\u00f3n, sus datos ser\u00e1n conservados durante los plazos legalmente exigidos para las posibles responsabilidades derivadas del servicio prestado.<\/p>\n<p>En el caso de los Usuarios registrados, el tratamiento de los datos se mantendr\u00e1 Hasta la solicitud de la baja de la cuenta creada.<\/p>\n<p><strong>\u00bfQu\u00e9 categor\u00edas de datos del usuario tratar\u00e1 DISPROQUIMA?<\/strong><\/p>\n<p>Los datos personales necesarios para la prestaci\u00f3n de los diferentes servicios disponibles en la Web ser\u00e1n los indicados en el correspondiente formulario habilitado a tal efecto.<\/p>\n<p><strong>\u00bfCu\u00e1l es la legitimaci\u00f3n del tratamiento de los datos del usuario?<\/strong><\/p>\n<p>El tratamiento de los datos del Usuario por parte de DISPROQUIMA se ampara en la solicitud por parte del Usuario de los servicios puestos a disposici\u00f3n a trav\u00e9s de la Web o, en su caso, en el consentimiento que se le solicite para finalidades determinadas, y que podr\u00e1 retirar en cualquier momento. No obstante, en caso de revocar su consentimiento, ello no afectar\u00e1 a la licitud de los tratamientos efectuados con anterioridad.<\/p>\n<p><strong>\u00bfA qu\u00e9 destinatarios se comunicar\u00e1n los datos del usuario?<\/strong><\/p>\n<p>Los datos personales facilitados por el Usuario no ser\u00e1n comunicados a terceros (no se incluyen en terceros otras sociedades del grupo Disproquima) salvo que ello sea necesario para la prestaci\u00f3n de los servicios solicitados o cuando el usuario hubiera aceptado expresamente su comunicaci\u00f3n. En ambos supuestos, el Usuario ser\u00e1 debidamente informado de dicha posibilidad antes de proceder a la comunicaci\u00f3n de sus datos personales.<\/p>\n<p><strong>\u00bfQu\u00e9 responsabilidad tiene el usuario?<\/strong><\/p>\n<p>El Usuario ser\u00e1 responsable de que los datos que facilite al DISPROQUIMA sean verdaderos, exactos, completos y actualizados. A estos efectos, el Usuario responder\u00e1 de la veracidad de todos los datos que comunique y deber\u00e1 mantener debidamente actualizada la informaci\u00f3n facilitada, de tal forma que responda a su situaci\u00f3n real.<\/p>\n<p>Igualmente, ser\u00e1 responsable de las informaciones falsas o inexactas que proporcione a trav\u00e9s del Sitio Web y de los da\u00f1os y perjuicios, directos o indirectos, que ello cause a DISPROQUIMA o a terceros.<\/p>\n<p><strong>\u00a0\u00bfQu\u00e9 derechos tiene el usuario?<\/strong><\/p>\n<p>El Usuario puede enviar un escrito a la direcci\u00f3n de DISPROQUIMA o a trav\u00e9s de correo electr\u00f3nico dataprotect@disproquima.com, con la Referencia \u201cProtecci\u00f3n de Datos\u201d, adjuntando fotocopia de su documento de identidad, en cualquier momento y de manera gratuita, para:<\/p>\n<p>\u2022 Revocar los consentimientos otorgados.<br \/>\n\u2022 Acceder a sus datos personales.<br \/>\n\u2022 Rectificar los datos inexactos o incompletos.<br \/>\n\u2022 Solicitar la supresi\u00f3n de sus datos cuando, entre otros motivos, los datos ya no sean necesarios para los fines que fueron recogidos.<br \/>\n\u2022 Obtener de DISPROQUIMA la limitaci\u00f3n del tratamiento de los datos cuando se cumpla alguna de las condiciones previstas en la normativa de protecci\u00f3n de datos.<br \/>\n\u2022 Solicitar la portabilidad de sus datos.<br \/>\n\u2022 Reclamar ante la Agencia Espa\u00f1ola de Protecci\u00f3n de Datos (agpd.es) cuando el interesado considere que DISPROQUIMA ha vulnerado los derechos que le son reconocidos por la normativa aplicable en protecci\u00f3n de datos.<\/p>\n<p><strong>\u00bfEs seguro facilitar datos personales?<\/strong><\/p>\n<p>DISPROQUIMA tratar\u00e1 los datos del Usuario en todo momento de forma absolutamente confidencial y guardando el preceptivo deber de secreto respecto de los mismos, de conformidad con lo previsto en la normativa de aplicaci\u00f3n, adoptando al efecto las medidas de \u00edndole t\u00e9cnica y organizativas necesarias que garanticen la seguridad de sus datos y eviten su alteraci\u00f3n, p\u00e9rdida, tratamiento o acceso no autorizado, habida cuenta del estado de la tecnolog\u00eda, la naturaleza de los datos almacenados y los riesgos a que est\u00e1n expuestos.<\/p>\n<p><strong>\u00bfPuede cambiar la pol\u00edtica de privacidad?<\/strong><\/p>\n<p>DISPROQUIMA se reserva el derecho a modificar la presente Pol\u00edtica de Privacidad a fin de adaptarla a las novedades legislativas que fueran procedentes. En dichos supuestos, anunciar\u00e1 en el Sitio Web los cambios introducidos con una antelaci\u00f3n razonable a la de su puesta en pr\u00e1ctica.<\/p>\n<p><a class=\"cta\" href=\"https:\/\/disproquima.com\/wp-content\/uploads\/2025\/02\/2024_ETHIC-CODE-DQ_v2.pdf\" target=\"_blank\" rel=\"noopener\">ETHIC CODE<\/a><\/p>\n<h2>Privacidad<\/h2>\n<p>1. Informaci\u00f3n General Conforme a lo establecido en la Ley Espa\u00f1ola 34\/2002 de Servicios de la Sociedad de la Informaci\u00f3n y de Comercio Electr\u00f3nico (LSSICE), informamos que el sitio web www.disproquima.com es propiedad de DISPROQUIMA, S.A.U. (en adelante, \u00abDQ\u00bb), con CIF: A-08356057 y domicilio social en c\/ Terra, 42, P.I. ELS BELLOTS, 08227 TERRASSA. Inscrita en el Registro Mercantil de Barcelona, tomo 10.087, folio 143, hoja B-68440, 18\u00aa inscripci\u00f3n.<\/p>\n<p>2. Condiciones Generales de Uso y Aceptaci\u00f3n Las condiciones generales de uso del sitio web tienen como objetivo informar a los usuarios sobre la actividad y productos de DQ. El acceso y uso de los servicios del sitio web implican la aceptaci\u00f3n por parte del usuario, sin reservas de ning\u00fan tipo, de todas las condiciones generales de uso, las condiciones generales de contrataci\u00f3n si las hubiera, y cualesquiera otras que puedan existir en relaci\u00f3n con la prestaci\u00f3n de servicios por parte de DQ. DQ podr\u00e1 modificar estas condiciones generales en cualquier momento y sin previo aviso, facilitando siempre informaci\u00f3n al usuario a trav\u00e9s de este sitio web.<\/p>\n<p>3. Propiedad Intelectual e Industrial Todos los contenidos del sitio web, en particular marcas, nombres comerciales, dise\u00f1os industriales, dise\u00f1os, textos, fotograf\u00edas, im\u00e1genes, ilustraciones, gr\u00e1ficos, logotipos, iconos, software u otros signos susceptibles de uso industrial y comercial, est\u00e1n protegidos por derechos de propiedad intelectual e industrial de DQ, empresas del grupo o terceros que han autorizado su inclusi\u00f3n en el sitio web. Queda prohibido cualquier uso o reproducci\u00f3n de los mismos sin el consentimiento expreso de DQ, incluyendo Internet (nombres de dominio, redes sociales, blogs, etc.).<\/p>\n<p>DQ no se responsabiliza por la infracci\u00f3n de derechos de propiedad intelectual o industrial de terceros que pudiera derivarse de la inclusi\u00f3n en el sitio web de marcas, nombres comerciales, dise\u00f1os industriales, patentes, dise\u00f1os, textos, fotograf\u00edas, im\u00e1genes, ilustraciones, gr\u00e1ficos, logotipos o software pertenecientes a terceros que hayan declarado ser titulares para su inclusi\u00f3n en el sitio web.<\/p>\n<p>El acceso y navegaci\u00f3n del usuario no implica autorizaci\u00f3n alguna ni renuncia, transmisi\u00f3n, cesi\u00f3n total o parcial de dichos derechos ni concesi\u00f3n de ning\u00fan derecho ni expectativa de derecho sobre los contenidos sin el permiso expreso previo de DQ, de alguna de las empresas del grupo o de los titulares correspondientes.<\/p>\n<p>4. Responsabilidades El usuario reconoce y acepta que el uso del sitio web y sus servicios es bajo su propio riesgo. Los enlaces o indicaciones contenidos en el sitio web son exclusivamente informativos.<\/p>\n<p>5. Obligaciones del Usuario El usuario se compromete a utilizar los contenidos del sitio web de manera diligente, correcta y l\u00edcita.<\/p>\n<p>6. Ley Aplicable Las relaciones establecidas entre el usuario y el propietario del sitio web se regir\u00e1n por la normativa vigente sobre legislaci\u00f3n aplicable y jurisdicci\u00f3n competente. Cuando la legislaci\u00f3n permita la posibilidad de que las partes se sometan voluntariamente a una jurisdicci\u00f3n, DQ y el usuario, renunciando expresamente a cualquier otra jurisdicci\u00f3n que pudiera corresponderles, se someter\u00e1n a los tribunales y juzgados de Barcelona. En cualquier caso, la legislaci\u00f3n aplicable ser\u00e1 la espa\u00f1ola y la regulaci\u00f3n de la UE.<\/p>\n<p>Puede consultar nuestra pol\u00edtica de privacidad y cookies en las secciones espec\u00edficas dedicadas a este prop\u00f3sito.<\/p>\n","protected":false},"excerpt":{"rendered":"<p>Compliance Desde sus inicios 50 a\u00f1os atr\u00e1s, cuando no se usaban estos t\u00e9rminos, DISPROQUIMA ha dado siempre mucha importancia a la responsabilidad corporativa, la \u00e9tica y la sostenibilidad. Desarrollamos nuestra actividad en cuatro continentes, gracias a un gran equipo de profesionales, siempre con el objetivo de ayudar a los clientes y proveedores, ofreci\u00e9ndoles un Mundo [&hellip;]<\/p>\n","protected":false},"author":1,"featured_media":0,"parent":0,"menu_order":0,"comment_status":"closed","ping_status":"closed","template":"page-blank.php","meta":{"footnotes":""},"class_list":["post-2486","page","type-page","status-publish","hentry"],"acf":[],"yoast_head":"<!-- This site is optimized with the Yoast SEO plugin v27.2 - https:\/\/yoast.com\/product\/yoast-seo-wordpress\/ -->\n<title>Compliance - Disproquima<\/title>\n<meta name=\"robots\" content=\"index, follow, max-snippet:-1, max-image-preview:large, max-video-preview:-1\" \/>\n<link rel=\"canonical\" href=\"https:\/\/disproquima.com\/es\/compliance\/\" \/>\n<meta property=\"og:locale\" content=\"es_ES\" \/>\n<meta property=\"og:type\" content=\"article\" \/>\n<meta property=\"og:title\" content=\"Compliance - Disproquima\" \/>\n<meta property=\"og:description\" content=\"Compliance Desde sus inicios 50 a\u00f1os atr\u00e1s, cuando no se usaban estos t\u00e9rminos, DISPROQUIMA ha dado siempre mucha importancia a la responsabilidad corporativa, la \u00e9tica y la sostenibilidad. Desarrollamos nuestra actividad en cuatro continentes, gracias a un gran equipo de profesionales, siempre con el objetivo de ayudar a los clientes y proveedores, ofreci\u00e9ndoles un Mundo [&hellip;]\" \/>\n<meta property=\"og:url\" content=\"https:\/\/disproquima.com\/es\/compliance\/\" \/>\n<meta property=\"og:site_name\" content=\"Disproquima\" \/>\n<meta property=\"article:modified_time\" content=\"2026-02-20T10:46:45+00:00\" \/>\n<meta name=\"twitter:card\" content=\"summary_large_image\" \/>\n<meta name=\"twitter:label1\" content=\"Tiempo de lectura\" \/>\n\t<meta name=\"twitter:data1\" content=\"8 minutos\" \/>\n<script type=\"application\/ld+json\" class=\"yoast-schema-graph\">{\"@context\":\"https:\/\/schema.org\",\"@graph\":[{\"@type\":\"WebPage\",\"@id\":\"https:\/\/disproquima.com\/es\/compliance\/\",\"url\":\"https:\/\/disproquima.com\/es\/compliance\/\",\"name\":\"Compliance - Disproquima\",\"isPartOf\":{\"@id\":\"https:\/\/disproquima.com\/es\/#website\"},\"datePublished\":\"2023-03-24T06:34:26+00:00\",\"dateModified\":\"2026-02-20T10:46:45+00:00\",\"inLanguage\":\"es\",\"potentialAction\":[{\"@type\":\"ReadAction\",\"target\":[\"https:\/\/disproquima.com\/es\/compliance\/\"]}]},{\"@type\":\"WebSite\",\"@id\":\"https:\/\/disproquima.com\/es\/#website\",\"url\":\"https:\/\/disproquima.com\/es\/\",\"name\":\"Disproquima\",\"description\":\"\",\"potentialAction\":[{\"@type\":\"SearchAction\",\"target\":{\"@type\":\"EntryPoint\",\"urlTemplate\":\"https:\/\/disproquima.com\/es\/?s={search_term_string}\"},\"query-input\":{\"@type\":\"PropertyValueSpecification\",\"valueRequired\":true,\"valueName\":\"search_term_string\"}}],\"inLanguage\":\"es\"}]}<\/script>\n<!-- \/ Yoast SEO plugin. -->","yoast_head_json":{"title":"Compliance - Disproquima","robots":{"index":"index","follow":"follow","max-snippet":"max-snippet:-1","max-image-preview":"max-image-preview:large","max-video-preview":"max-video-preview:-1"},"canonical":"https:\/\/disproquima.com\/es\/compliance\/","og_locale":"es_ES","og_type":"article","og_title":"Compliance - Disproquima","og_description":"Compliance Desde sus inicios 50 a\u00f1os atr\u00e1s, cuando no se usaban estos t\u00e9rminos, DISPROQUIMA ha dado siempre mucha importancia a la responsabilidad corporativa, la \u00e9tica y la sostenibilidad. Desarrollamos nuestra actividad en cuatro continentes, gracias a un gran equipo de profesionales, siempre con el objetivo de ayudar a los clientes y proveedores, ofreci\u00e9ndoles un Mundo [&hellip;]","og_url":"https:\/\/disproquima.com\/es\/compliance\/","og_site_name":"Disproquima","article_modified_time":"2026-02-20T10:46:45+00:00","twitter_card":"summary_large_image","twitter_misc":{"Tiempo de lectura":"8 minutos"},"schema":{"@context":"https:\/\/schema.org","@graph":[{"@type":"WebPage","@id":"https:\/\/disproquima.com\/es\/compliance\/","url":"https:\/\/disproquima.com\/es\/compliance\/","name":"Compliance - Disproquima","isPartOf":{"@id":"https:\/\/disproquima.com\/es\/#website"},"datePublished":"2023-03-24T06:34:26+00:00","dateModified":"2026-02-20T10:46:45+00:00","inLanguage":"es","potentialAction":[{"@type":"ReadAction","target":["https:\/\/disproquima.com\/es\/compliance\/"]}]},{"@type":"WebSite","@id":"https:\/\/disproquima.com\/es\/#website","url":"https:\/\/disproquima.com\/es\/","name":"Disproquima","description":"","potentialAction":[{"@type":"SearchAction","target":{"@type":"EntryPoint","urlTemplate":"https:\/\/disproquima.com\/es\/?s={search_term_string}"},"query-input":{"@type":"PropertyValueSpecification","valueRequired":true,"valueName":"search_term_string"}}],"inLanguage":"es"}]}},"_links":{"self":[{"href":"https:\/\/disproquima.com\/es\/wp-json\/wp\/v2\/pages\/2486","targetHints":{"allow":["GET"]}}],"collection":[{"href":"https:\/\/disproquima.com\/es\/wp-json\/wp\/v2\/pages"}],"about":[{"href":"https:\/\/disproquima.com\/es\/wp-json\/wp\/v2\/types\/page"}],"author":[{"embeddable":true,"href":"https:\/\/disproquima.com\/es\/wp-json\/wp\/v2\/users\/1"}],"replies":[{"embeddable":true,"href":"https:\/\/disproquima.com\/es\/wp-json\/wp\/v2\/comments?post=2486"}],"version-history":[{"count":4,"href":"https:\/\/disproquima.com\/es\/wp-json\/wp\/v2\/pages\/2486\/revisions"}],"predecessor-version":[{"id":5589,"href":"https:\/\/disproquima.com\/es\/wp-json\/wp\/v2\/pages\/2486\/revisions\/5589"}],"wp:attachment":[{"href":"https:\/\/disproquima.com\/es\/wp-json\/wp\/v2\/media?parent=2486"}],"curies":[{"name":"wp","href":"https:\/\/api.w.org\/{rel}","templated":true}]}}