{"id":3234,"date":"2023-07-19T09:54:20","date_gmt":"2023-07-19T09:54:20","guid":{"rendered":"https:\/\/disproquima.com\/?page_id=3234"},"modified":"2025-08-24T14:52:12","modified_gmt":"2025-08-24T14:52:12","slug":"lab-dapplications-pc","status":"publish","type":"page","link":"https:\/\/disproquima.com\/fr\/lab-dapplications-pc\/","title":{"rendered":"Lab d&rsquo;applications PC"},"content":{"rendered":"<p>Lancez-vous dans un voyage d&rsquo;innovation avec notre laboratoire d&rsquo;applications de soins personnels. Laissez nos formulations \u00eatre la force motrice de vos produits de beaut\u00e9 \u00e0 succ\u00e8s. Que vous lanciez de nouvelles formulations r\u00e9volutionnaires ou que vous recherchiez du soutien pour des projets existants, notre \u00e9quipe d\u00e9di\u00e9e est l\u00e0 pour vous aider. Qu&rsquo;il s&rsquo;agisse de r\u00e9soudre les probl\u00e8mes li\u00e9s aux ingr\u00e9dients ou de vous offrir de pr\u00e9cieux conseils sur la r\u00e9duction des co\u00fbts et l&rsquo;optimisation des ressources. Notre laboratoire d&rsquo;applications de soins personnels est votre partenaire strat\u00e9gique pour atteindre l&rsquo;excellence. Laissez-nous \u00eatre le catalyseur de votre r\u00e9ussite dans le monde dynamique des soins de la peau, du soleil, des cheveux, de la bouche et de la sph\u00e8re intime.<\/p>\n","protected":false},"excerpt":{"rendered":"<p>Lancez-vous dans un voyage d&rsquo;innovation avec notre laboratoire d&rsquo;applications de soins personnels. Laissez nos formulations \u00eatre la force motrice de vos produits de beaut\u00e9 \u00e0 succ\u00e8s. Que vous lanciez de nouvelles formulations r\u00e9volutionnaires ou que vous recherchiez du soutien pour des projets existants, notre \u00e9quipe d\u00e9di\u00e9e est l\u00e0 pour vous aider. Qu&rsquo;il s&rsquo;agisse de r\u00e9soudre [&hellip;]<\/p>\n","protected":false},"author":1,"featured_media":3040,"parent":0,"menu_order":0,"comment_status":"closed","ping_status":"closed","template":"","meta":{"footnotes":""},"class_list":["post-3234","page","type-page","status-publish","has-post-thumbnail","hentry"],"acf":[],"yoast_head":"<!-- This site is optimized with the Yoast SEO plugin v27.2 - https:\/\/yoast.com\/product\/yoast-seo-wordpress\/ -->\n<title>Lab d&#039;applications PC - Disproquima<\/title>\n<meta name=\"robots\" content=\"index, follow, max-snippet:-1, max-image-preview:large, max-video-preview:-1\" \/>\n<link rel=\"canonical\" href=\"https:\/\/disproquima.com\/fr\/lab-dapplications-pc\/\" \/>\n<meta property=\"og:locale\" content=\"fr_FR\" \/>\n<meta property=\"og:type\" content=\"article\" \/>\n<meta property=\"og:title\" content=\"Lab d&#039;applications PC - Disproquima\" \/>\n<meta property=\"og:description\" content=\"Lancez-vous dans un voyage d&rsquo;innovation avec notre laboratoire d&rsquo;applications de soins personnels. Laissez nos formulations \u00eatre la force motrice de vos produits de beaut\u00e9 \u00e0 succ\u00e8s. Que vous lanciez de nouvelles formulations r\u00e9volutionnaires ou que vous recherchiez du soutien pour des projets existants, notre \u00e9quipe d\u00e9di\u00e9e est l\u00e0 pour vous aider. Qu&rsquo;il s&rsquo;agisse de r\u00e9soudre [&hellip;]\" \/>\n<meta property=\"og:url\" content=\"https:\/\/disproquima.com\/fr\/lab-dapplications-pc\/\" \/>\n<meta property=\"og:site_name\" content=\"Disproquima\" \/>\n<meta property=\"article:modified_time\" content=\"2025-08-24T14:52:12+00:00\" \/>\n<meta property=\"og:image\" content=\"https:\/\/disproquima.com\/wp-content\/uploads\/2024\/04\/pc-1.webp\" \/>\n\t<meta property=\"og:image:width\" content=\"2183\" \/>\n\t<meta property=\"og:image:height\" content=\"1189\" \/>\n\t<meta property=\"og:image:type\" content=\"image\/webp\" \/>\n<meta name=\"twitter:card\" content=\"summary_large_image\" \/>\n<meta name=\"twitter:label1\" content=\"Dur\u00e9e de lecture estim\u00e9e\" \/>\n\t<meta name=\"twitter:data1\" content=\"1 minute\" \/>\n<script type=\"application\/ld+json\" class=\"yoast-schema-graph\">{\"@context\":\"https:\/\/schema.org\",\"@graph\":[{\"@type\":\"WebPage\",\"@id\":\"https:\/\/disproquima.com\/fr\/lab-dapplications-pc\/\",\"url\":\"https:\/\/disproquima.com\/fr\/lab-dapplications-pc\/\",\"name\":\"Lab d'applications PC - Disproquima\",\"isPartOf\":{\"@id\":\"https:\/\/disproquima.com\/fr\/#website\"},\"primaryImageOfPage\":{\"@id\":\"https:\/\/disproquima.com\/fr\/lab-dapplications-pc\/#primaryimage\"},\"image\":{\"@id\":\"https:\/\/disproquima.com\/fr\/lab-dapplications-pc\/#primaryimage\"},\"thumbnailUrl\":\"https:\/\/disproquima.com\/wp-content\/uploads\/2024\/04\/pc-1.webp\",\"datePublished\":\"2023-07-19T09:54:20+00:00\",\"dateModified\":\"2025-08-24T14:52:12+00:00\",\"inLanguage\":\"fr-FR\",\"potentialAction\":[{\"@type\":\"ReadAction\",\"target\":[\"https:\/\/disproquima.com\/fr\/lab-dapplications-pc\/\"]}]},{\"@type\":\"ImageObject\",\"inLanguage\":\"fr-FR\",\"@id\":\"https:\/\/disproquima.com\/fr\/lab-dapplications-pc\/#primaryimage\",\"url\":\"https:\/\/disproquima.com\/wp-content\/uploads\/2024\/04\/pc-1.webp\",\"contentUrl\":\"https:\/\/disproquima.com\/wp-content\/uploads\/2024\/04\/pc-1.webp\",\"width\":2183,\"height\":1189},{\"@type\":\"WebSite\",\"@id\":\"https:\/\/disproquima.com\/fr\/#website\",\"url\":\"https:\/\/disproquima.com\/fr\/\",\"name\":\"Disproquima\",\"description\":\"\",\"potentialAction\":[{\"@type\":\"SearchAction\",\"target\":{\"@type\":\"EntryPoint\",\"urlTemplate\":\"https:\/\/disproquima.com\/fr\/?s={search_term_string}\"},\"query-input\":{\"@type\":\"PropertyValueSpecification\",\"valueRequired\":true,\"valueName\":\"search_term_string\"}}],\"inLanguage\":\"fr-FR\"}]}<\/script>\n<!-- \/ Yoast SEO plugin. -->","yoast_head_json":{"title":"Lab d'applications PC - Disproquima","robots":{"index":"index","follow":"follow","max-snippet":"max-snippet:-1","max-image-preview":"max-image-preview:large","max-video-preview":"max-video-preview:-1"},"canonical":"https:\/\/disproquima.com\/fr\/lab-dapplications-pc\/","og_locale":"fr_FR","og_type":"article","og_title":"Lab d'applications PC - Disproquima","og_description":"Lancez-vous dans un voyage d&rsquo;innovation avec notre laboratoire d&rsquo;applications de soins personnels. Laissez nos formulations \u00eatre la force motrice de vos produits de beaut\u00e9 \u00e0 succ\u00e8s. Que vous lanciez de nouvelles formulations r\u00e9volutionnaires ou que vous recherchiez du soutien pour des projets existants, notre \u00e9quipe d\u00e9di\u00e9e est l\u00e0 pour vous aider. Qu&rsquo;il s&rsquo;agisse de r\u00e9soudre [&hellip;]","og_url":"https:\/\/disproquima.com\/fr\/lab-dapplications-pc\/","og_site_name":"Disproquima","article_modified_time":"2025-08-24T14:52:12+00:00","og_image":[{"width":2183,"height":1189,"url":"https:\/\/disproquima.com\/wp-content\/uploads\/2024\/04\/pc-1.webp","type":"image\/webp"}],"twitter_card":"summary_large_image","twitter_misc":{"Dur\u00e9e de lecture estim\u00e9e":"1 minute"},"schema":{"@context":"https:\/\/schema.org","@graph":[{"@type":"WebPage","@id":"https:\/\/disproquima.com\/fr\/lab-dapplications-pc\/","url":"https:\/\/disproquima.com\/fr\/lab-dapplications-pc\/","name":"Lab d'applications PC - Disproquima","isPartOf":{"@id":"https:\/\/disproquima.com\/fr\/#website"},"primaryImageOfPage":{"@id":"https:\/\/disproquima.com\/fr\/lab-dapplications-pc\/#primaryimage"},"image":{"@id":"https:\/\/disproquima.com\/fr\/lab-dapplications-pc\/#primaryimage"},"thumbnailUrl":"https:\/\/disproquima.com\/wp-content\/uploads\/2024\/04\/pc-1.webp","datePublished":"2023-07-19T09:54:20+00:00","dateModified":"2025-08-24T14:52:12+00:00","inLanguage":"fr-FR","potentialAction":[{"@type":"ReadAction","target":["https:\/\/disproquima.com\/fr\/lab-dapplications-pc\/"]}]},{"@type":"ImageObject","inLanguage":"fr-FR","@id":"https:\/\/disproquima.com\/fr\/lab-dapplications-pc\/#primaryimage","url":"https:\/\/disproquima.com\/wp-content\/uploads\/2024\/04\/pc-1.webp","contentUrl":"https:\/\/disproquima.com\/wp-content\/uploads\/2024\/04\/pc-1.webp","width":2183,"height":1189},{"@type":"WebSite","@id":"https:\/\/disproquima.com\/fr\/#website","url":"https:\/\/disproquima.com\/fr\/","name":"Disproquima","description":"","potentialAction":[{"@type":"SearchAction","target":{"@type":"EntryPoint","urlTemplate":"https:\/\/disproquima.com\/fr\/?s={search_term_string}"},"query-input":{"@type":"PropertyValueSpecification","valueRequired":true,"valueName":"search_term_string"}}],"inLanguage":"fr-FR"}]}},"_links":{"self":[{"href":"https:\/\/disproquima.com\/fr\/wp-json\/wp\/v2\/pages\/3234","targetHints":{"allow":["GET"]}}],"collection":[{"href":"https:\/\/disproquima.com\/fr\/wp-json\/wp\/v2\/pages"}],"about":[{"href":"https:\/\/disproquima.com\/fr\/wp-json\/wp\/v2\/types\/page"}],"author":[{"embeddable":true,"href":"https:\/\/disproquima.com\/fr\/wp-json\/wp\/v2\/users\/1"}],"replies":[{"embeddable":true,"href":"https:\/\/disproquima.com\/fr\/wp-json\/wp\/v2\/comments?post=3234"}],"version-history":[{"count":5,"href":"https:\/\/disproquima.com\/fr\/wp-json\/wp\/v2\/pages\/3234\/revisions"}],"predecessor-version":[{"id":5002,"href":"https:\/\/disproquima.com\/fr\/wp-json\/wp\/v2\/pages\/3234\/revisions\/5002"}],"wp:featuredmedia":[{"embeddable":true,"href":"https:\/\/disproquima.com\/fr\/wp-json\/wp\/v2\/media\/3040"}],"wp:attachment":[{"href":"https:\/\/disproquima.com\/fr\/wp-json\/wp\/v2\/media?parent=3234"}],"curies":[{"name":"wp","href":"https:\/\/api.w.org\/{rel}","templated":true}]}}