{"id":4868,"date":"2023-07-19T09:54:20","date_gmt":"2023-07-19T09:54:20","guid":{"rendered":"https:\/\/disproquima.com\/?page_id=4868"},"modified":"2025-08-24T17:46:27","modified_gmt":"2025-08-24T17:46:27","slug":"laboratorio-de-aplicacoes-alimentos-bebidas","status":"publish","type":"page","link":"https:\/\/disproquima.com\/pt-pt\/laboratorio-de-aplicacoes-alimentos-bebidas\/","title":{"rendered":"Laborat\u00f3rio de aplica\u00e7\u00f5es em alimentos e bebidas"},"content":{"rendered":"<p>No centro do nosso compromisso como seu parceiro dedicado est\u00e1 a nossa Alimenta\u00e7\u00e3o e Bebidas. Laborat\u00f3rio de Aplica\u00e7\u00f5es. Estendemos uma m\u00e3o amiga em todos os aspetos da sua jornada \u2013 seja a desenvolver produtos de ponta, a abordar os desafios existentes ou a otimizar os custos. O nosso Departamento de Aplica\u00e7\u00f5es Alimentares est\u00e1 pronto para oferecer uma riqueza de ideias, desenvolvimento pr\u00e1tico, amplo conhecimento e instru\u00e7\u00f5es f\u00e1ceis de utilizar para o orientar no processo de lan\u00e7amento de produtos inovadores ou introdu\u00e7\u00e3o de propostas funcionais no mercado. Juntos, vamos transformar a inspira\u00e7\u00e3o em produtos para os consumidores finais.<\/p>\n","protected":false},"excerpt":{"rendered":"<p>No centro do nosso compromisso como seu parceiro dedicado est\u00e1 a nossa Alimenta\u00e7\u00e3o e Bebidas. Laborat\u00f3rio de Aplica\u00e7\u00f5es. Estendemos uma m\u00e3o amiga em todos os aspetos da sua jornada \u2013 seja a desenvolver produtos de ponta, a abordar os desafios existentes ou a otimizar os custos. O nosso Departamento de Aplica\u00e7\u00f5es Alimentares est\u00e1 pronto para [&hellip;]<\/p>\n","protected":false},"author":1,"featured_media":4016,"parent":0,"menu_order":0,"comment_status":"closed","ping_status":"closed","template":"","meta":{"footnotes":""},"class_list":["post-4868","page","type-page","status-publish","has-post-thumbnail","hentry"],"acf":[],"yoast_head":"<!-- This site is optimized with the Yoast SEO plugin v27.2 - https:\/\/yoast.com\/product\/yoast-seo-wordpress\/ -->\n<title>Laborat\u00f3rio de aplica\u00e7\u00f5es em alimentos e bebidas - Disproquima<\/title>\n<meta name=\"robots\" content=\"index, follow, max-snippet:-1, max-image-preview:large, max-video-preview:-1\" \/>\n<link rel=\"canonical\" href=\"https:\/\/disproquima.com\/pt-pt\/laboratorio-de-aplicacoes-alimentos-bebidas\/\" \/>\n<meta property=\"og:locale\" content=\"pt_PT\" \/>\n<meta property=\"og:type\" content=\"article\" \/>\n<meta property=\"og:title\" content=\"Laborat\u00f3rio de aplica\u00e7\u00f5es em alimentos e bebidas - Disproquima\" \/>\n<meta property=\"og:description\" content=\"No centro do nosso compromisso como seu parceiro dedicado est\u00e1 a nossa Alimenta\u00e7\u00e3o e Bebidas. Laborat\u00f3rio de Aplica\u00e7\u00f5es. Estendemos uma m\u00e3o amiga em todos os aspetos da sua jornada \u2013 seja a desenvolver produtos de ponta, a abordar os desafios existentes ou a otimizar os custos. O nosso Departamento de Aplica\u00e7\u00f5es Alimentares est\u00e1 pronto para [&hellip;]\" \/>\n<meta property=\"og:url\" content=\"https:\/\/disproquima.com\/pt-pt\/laboratorio-de-aplicacoes-alimentos-bebidas\/\" \/>\n<meta property=\"og:site_name\" content=\"Disproquima\" \/>\n<meta property=\"article:modified_time\" content=\"2025-08-24T17:46:27+00:00\" \/>\n<meta property=\"og:image\" content=\"https:\/\/disproquima.com\/wp-content\/uploads\/2024\/01\/p.jpg\" \/>\n\t<meta property=\"og:image:width\" content=\"1584\" \/>\n\t<meta property=\"og:image:height\" content=\"874\" \/>\n\t<meta property=\"og:image:type\" content=\"image\/jpeg\" \/>\n<meta name=\"twitter:card\" content=\"summary_large_image\" \/>\n<meta name=\"twitter:label1\" content=\"Tempo estimado de leitura\" \/>\n\t<meta name=\"twitter:data1\" content=\"1 minuto\" \/>\n<script type=\"application\/ld+json\" class=\"yoast-schema-graph\">{\"@context\":\"https:\/\/schema.org\",\"@graph\":[{\"@type\":\"WebPage\",\"@id\":\"https:\/\/disproquima.com\/pt-pt\/laboratorio-de-aplicacoes-alimentos-bebidas\/\",\"url\":\"https:\/\/disproquima.com\/pt-pt\/laboratorio-de-aplicacoes-alimentos-bebidas\/\",\"name\":\"Laborat\u00f3rio de aplica\u00e7\u00f5es em alimentos e bebidas - Disproquima\",\"isPartOf\":{\"@id\":\"https:\/\/disproquima.com\/pt-pt\/#website\"},\"primaryImageOfPage\":{\"@id\":\"https:\/\/disproquima.com\/pt-pt\/laboratorio-de-aplicacoes-alimentos-bebidas\/#primaryimage\"},\"image\":{\"@id\":\"https:\/\/disproquima.com\/pt-pt\/laboratorio-de-aplicacoes-alimentos-bebidas\/#primaryimage\"},\"thumbnailUrl\":\"https:\/\/disproquima.com\/wp-content\/uploads\/2024\/01\/p.jpg\",\"datePublished\":\"2023-07-19T09:54:20+00:00\",\"dateModified\":\"2025-08-24T17:46:27+00:00\",\"inLanguage\":\"pt-PT\",\"potentialAction\":[{\"@type\":\"ReadAction\",\"target\":[\"https:\/\/disproquima.com\/pt-pt\/laboratorio-de-aplicacoes-alimentos-bebidas\/\"]}]},{\"@type\":\"ImageObject\",\"inLanguage\":\"pt-PT\",\"@id\":\"https:\/\/disproquima.com\/pt-pt\/laboratorio-de-aplicacoes-alimentos-bebidas\/#primaryimage\",\"url\":\"https:\/\/disproquima.com\/wp-content\/uploads\/2024\/01\/p.jpg\",\"contentUrl\":\"https:\/\/disproquima.com\/wp-content\/uploads\/2024\/01\/p.jpg\",\"width\":1584,\"height\":874},{\"@type\":\"WebSite\",\"@id\":\"https:\/\/disproquima.com\/pt-pt\/#website\",\"url\":\"https:\/\/disproquima.com\/pt-pt\/\",\"name\":\"Disproquima\",\"description\":\"\",\"potentialAction\":[{\"@type\":\"SearchAction\",\"target\":{\"@type\":\"EntryPoint\",\"urlTemplate\":\"https:\/\/disproquima.com\/pt-pt\/?s={search_term_string}\"},\"query-input\":{\"@type\":\"PropertyValueSpecification\",\"valueRequired\":true,\"valueName\":\"search_term_string\"}}],\"inLanguage\":\"pt-PT\"}]}<\/script>\n<!-- \/ Yoast SEO plugin. -->","yoast_head_json":{"title":"Laborat\u00f3rio de aplica\u00e7\u00f5es em alimentos e bebidas - Disproquima","robots":{"index":"index","follow":"follow","max-snippet":"max-snippet:-1","max-image-preview":"max-image-preview:large","max-video-preview":"max-video-preview:-1"},"canonical":"https:\/\/disproquima.com\/pt-pt\/laboratorio-de-aplicacoes-alimentos-bebidas\/","og_locale":"pt_PT","og_type":"article","og_title":"Laborat\u00f3rio de aplica\u00e7\u00f5es em alimentos e bebidas - Disproquima","og_description":"No centro do nosso compromisso como seu parceiro dedicado est\u00e1 a nossa Alimenta\u00e7\u00e3o e Bebidas. Laborat\u00f3rio de Aplica\u00e7\u00f5es. Estendemos uma m\u00e3o amiga em todos os aspetos da sua jornada \u2013 seja a desenvolver produtos de ponta, a abordar os desafios existentes ou a otimizar os custos. O nosso Departamento de Aplica\u00e7\u00f5es Alimentares est\u00e1 pronto para [&hellip;]","og_url":"https:\/\/disproquima.com\/pt-pt\/laboratorio-de-aplicacoes-alimentos-bebidas\/","og_site_name":"Disproquima","article_modified_time":"2025-08-24T17:46:27+00:00","og_image":[{"width":1584,"height":874,"url":"https:\/\/disproquima.com\/wp-content\/uploads\/2024\/01\/p.jpg","type":"image\/jpeg"}],"twitter_card":"summary_large_image","twitter_misc":{"Tempo estimado de leitura":"1 minuto"},"schema":{"@context":"https:\/\/schema.org","@graph":[{"@type":"WebPage","@id":"https:\/\/disproquima.com\/pt-pt\/laboratorio-de-aplicacoes-alimentos-bebidas\/","url":"https:\/\/disproquima.com\/pt-pt\/laboratorio-de-aplicacoes-alimentos-bebidas\/","name":"Laborat\u00f3rio de aplica\u00e7\u00f5es em alimentos e bebidas - Disproquima","isPartOf":{"@id":"https:\/\/disproquima.com\/pt-pt\/#website"},"primaryImageOfPage":{"@id":"https:\/\/disproquima.com\/pt-pt\/laboratorio-de-aplicacoes-alimentos-bebidas\/#primaryimage"},"image":{"@id":"https:\/\/disproquima.com\/pt-pt\/laboratorio-de-aplicacoes-alimentos-bebidas\/#primaryimage"},"thumbnailUrl":"https:\/\/disproquima.com\/wp-content\/uploads\/2024\/01\/p.jpg","datePublished":"2023-07-19T09:54:20+00:00","dateModified":"2025-08-24T17:46:27+00:00","inLanguage":"pt-PT","potentialAction":[{"@type":"ReadAction","target":["https:\/\/disproquima.com\/pt-pt\/laboratorio-de-aplicacoes-alimentos-bebidas\/"]}]},{"@type":"ImageObject","inLanguage":"pt-PT","@id":"https:\/\/disproquima.com\/pt-pt\/laboratorio-de-aplicacoes-alimentos-bebidas\/#primaryimage","url":"https:\/\/disproquima.com\/wp-content\/uploads\/2024\/01\/p.jpg","contentUrl":"https:\/\/disproquima.com\/wp-content\/uploads\/2024\/01\/p.jpg","width":1584,"height":874},{"@type":"WebSite","@id":"https:\/\/disproquima.com\/pt-pt\/#website","url":"https:\/\/disproquima.com\/pt-pt\/","name":"Disproquima","description":"","potentialAction":[{"@type":"SearchAction","target":{"@type":"EntryPoint","urlTemplate":"https:\/\/disproquima.com\/pt-pt\/?s={search_term_string}"},"query-input":{"@type":"PropertyValueSpecification","valueRequired":true,"valueName":"search_term_string"}}],"inLanguage":"pt-PT"}]}},"_links":{"self":[{"href":"https:\/\/disproquima.com\/pt-pt\/wp-json\/wp\/v2\/pages\/4868","targetHints":{"allow":["GET"]}}],"collection":[{"href":"https:\/\/disproquima.com\/pt-pt\/wp-json\/wp\/v2\/pages"}],"about":[{"href":"https:\/\/disproquima.com\/pt-pt\/wp-json\/wp\/v2\/types\/page"}],"author":[{"embeddable":true,"href":"https:\/\/disproquima.com\/pt-pt\/wp-json\/wp\/v2\/users\/1"}],"replies":[{"embeddable":true,"href":"https:\/\/disproquima.com\/pt-pt\/wp-json\/wp\/v2\/comments?post=4868"}],"version-history":[{"count":3,"href":"https:\/\/disproquima.com\/pt-pt\/wp-json\/wp\/v2\/pages\/4868\/revisions"}],"predecessor-version":[{"id":5009,"href":"https:\/\/disproquima.com\/pt-pt\/wp-json\/wp\/v2\/pages\/4868\/revisions\/5009"}],"wp:featuredmedia":[{"embeddable":true,"href":"https:\/\/disproquima.com\/pt-pt\/wp-json\/wp\/v2\/media\/4016"}],"wp:attachment":[{"href":"https:\/\/disproquima.com\/pt-pt\/wp-json\/wp\/v2\/media?parent=4868"}],"curies":[{"name":"wp","href":"https:\/\/api.w.org\/{rel}","templated":true}]}}