{"id":4871,"date":"2023-07-19T09:54:20","date_gmt":"2023-07-19T09:54:20","guid":{"rendered":"https:\/\/disproquima.com\/?page_id=4871"},"modified":"2025-08-24T17:47:41","modified_gmt":"2025-08-24T17:47:41","slug":"laboratorio-de-aplicacoes-ds-pharma","status":"publish","type":"page","link":"https:\/\/disproquima.com\/pt-pt\/laboratorio-de-aplicacoes-ds-pharma\/","title":{"rendered":"Laborat\u00f3rio de aplica\u00e7\u00f5es DS\/Pharma"},"content":{"rendered":"<p>Explore a vanguarda da inova\u00e7\u00e3o em sa\u00fade com o nosso novo Laborat\u00f3rio de Aplica\u00e7\u00f5es Farmac\u00eauticas e de Suplementos Alimentares. Empenhados em transformar a sua vis\u00e3o em realidade, somos o seu parceiro dedicado nos campos din\u00e2micos dos produtos farmac\u00eauticos e dos suplementos alimentares. Quer pretenda trabalhar em formula\u00e7\u00f5es, procurar apoio para projetos em curso ou enfrentar desafios espec\u00edficos do setor, a nossa equipa de especialistas est\u00e1 pronta para ajudar. Desde gomas, c\u00e1psulas duras, formas em p\u00f3, c\u00e1psulas de gel macio, xaropes, comprimidos de camada dupla a comprimidos efervescentes, oferecemos uma gama diversificada de op\u00e7\u00f5es de prot\u00f3tipos. Do conceito \u00e0 cria\u00e7\u00e3o, o nosso laborat\u00f3rio fornece solu\u00e7\u00f5es personalizadas, insights valiosos e desenvolvimento pr\u00e1tico. Deixe que as nossas formula\u00e7\u00f5es sejam a base do seu sucesso, \u00e0 medida que trabalhamos juntos para sermos pioneiros no futuro dos ingredientes saud\u00e1veis.<\/p>\n","protected":false},"excerpt":{"rendered":"<p>Explore a vanguarda da inova\u00e7\u00e3o em sa\u00fade com o nosso novo Laborat\u00f3rio de Aplica\u00e7\u00f5es Farmac\u00eauticas e de Suplementos Alimentares. Empenhados em transformar a sua vis\u00e3o em realidade, somos o seu parceiro dedicado nos campos din\u00e2micos dos produtos farmac\u00eauticos e dos suplementos alimentares. Quer pretenda trabalhar em formula\u00e7\u00f5es, procurar apoio para projetos em curso ou enfrentar [&hellip;]<\/p>\n","protected":false},"author":1,"featured_media":4158,"parent":0,"menu_order":0,"comment_status":"closed","ping_status":"closed","template":"","meta":{"footnotes":""},"class_list":["post-4871","page","type-page","status-publish","has-post-thumbnail","hentry"],"acf":[],"yoast_head":"<!-- This site is optimized with the Yoast SEO plugin v27.2 - https:\/\/yoast.com\/product\/yoast-seo-wordpress\/ -->\n<title>Laborat\u00f3rio de aplica\u00e7\u00f5es DS\/Pharma - Disproquima<\/title>\n<meta name=\"robots\" content=\"index, follow, max-snippet:-1, max-image-preview:large, max-video-preview:-1\" \/>\n<link rel=\"canonical\" href=\"https:\/\/disproquima.com\/pt-pt\/laboratorio-de-aplicacoes-ds-pharma\/\" \/>\n<meta property=\"og:locale\" content=\"pt_PT\" \/>\n<meta property=\"og:type\" content=\"article\" \/>\n<meta property=\"og:title\" content=\"Laborat\u00f3rio de aplica\u00e7\u00f5es DS\/Pharma - Disproquima\" \/>\n<meta property=\"og:description\" content=\"Explore a vanguarda da inova\u00e7\u00e3o em sa\u00fade com o nosso novo Laborat\u00f3rio de Aplica\u00e7\u00f5es Farmac\u00eauticas e de Suplementos Alimentares. Empenhados em transformar a sua vis\u00e3o em realidade, somos o seu parceiro dedicado nos campos din\u00e2micos dos produtos farmac\u00eauticos e dos suplementos alimentares. Quer pretenda trabalhar em formula\u00e7\u00f5es, procurar apoio para projetos em curso ou enfrentar [&hellip;]\" \/>\n<meta property=\"og:url\" content=\"https:\/\/disproquima.com\/pt-pt\/laboratorio-de-aplicacoes-ds-pharma\/\" \/>\n<meta property=\"og:site_name\" content=\"Disproquima\" \/>\n<meta property=\"article:modified_time\" content=\"2025-08-24T17:47:41+00:00\" \/>\n<meta property=\"og:image\" content=\"https:\/\/disproquima.com\/wp-content\/uploads\/2024\/04\/pharmaap.webp\" \/>\n\t<meta property=\"og:image:width\" content=\"2180\" \/>\n\t<meta property=\"og:image:height\" content=\"1172\" \/>\n\t<meta property=\"og:image:type\" content=\"image\/webp\" \/>\n<meta name=\"twitter:card\" content=\"summary_large_image\" \/>\n<meta name=\"twitter:label1\" content=\"Tempo estimado de leitura\" \/>\n\t<meta name=\"twitter:data1\" content=\"1 minuto\" \/>\n<script type=\"application\/ld+json\" class=\"yoast-schema-graph\">{\"@context\":\"https:\/\/schema.org\",\"@graph\":[{\"@type\":\"WebPage\",\"@id\":\"https:\/\/disproquima.com\/pt-pt\/laboratorio-de-aplicacoes-ds-pharma\/\",\"url\":\"https:\/\/disproquima.com\/pt-pt\/laboratorio-de-aplicacoes-ds-pharma\/\",\"name\":\"Laborat\u00f3rio de aplica\u00e7\u00f5es DS\/Pharma - Disproquima\",\"isPartOf\":{\"@id\":\"https:\/\/disproquima.com\/pt-pt\/#website\"},\"primaryImageOfPage\":{\"@id\":\"https:\/\/disproquima.com\/pt-pt\/laboratorio-de-aplicacoes-ds-pharma\/#primaryimage\"},\"image\":{\"@id\":\"https:\/\/disproquima.com\/pt-pt\/laboratorio-de-aplicacoes-ds-pharma\/#primaryimage\"},\"thumbnailUrl\":\"https:\/\/disproquima.com\/wp-content\/uploads\/2024\/04\/pharmaap.webp\",\"datePublished\":\"2023-07-19T09:54:20+00:00\",\"dateModified\":\"2025-08-24T17:47:41+00:00\",\"inLanguage\":\"pt-PT\",\"potentialAction\":[{\"@type\":\"ReadAction\",\"target\":[\"https:\/\/disproquima.com\/pt-pt\/laboratorio-de-aplicacoes-ds-pharma\/\"]}]},{\"@type\":\"ImageObject\",\"inLanguage\":\"pt-PT\",\"@id\":\"https:\/\/disproquima.com\/pt-pt\/laboratorio-de-aplicacoes-ds-pharma\/#primaryimage\",\"url\":\"https:\/\/disproquima.com\/wp-content\/uploads\/2024\/04\/pharmaap.webp\",\"contentUrl\":\"https:\/\/disproquima.com\/wp-content\/uploads\/2024\/04\/pharmaap.webp\",\"width\":2180,\"height\":1172},{\"@type\":\"WebSite\",\"@id\":\"https:\/\/disproquima.com\/pt-pt\/#website\",\"url\":\"https:\/\/disproquima.com\/pt-pt\/\",\"name\":\"Disproquima\",\"description\":\"\",\"potentialAction\":[{\"@type\":\"SearchAction\",\"target\":{\"@type\":\"EntryPoint\",\"urlTemplate\":\"https:\/\/disproquima.com\/pt-pt\/?s={search_term_string}\"},\"query-input\":{\"@type\":\"PropertyValueSpecification\",\"valueRequired\":true,\"valueName\":\"search_term_string\"}}],\"inLanguage\":\"pt-PT\"}]}<\/script>\n<!-- \/ Yoast SEO plugin. -->","yoast_head_json":{"title":"Laborat\u00f3rio de aplica\u00e7\u00f5es DS\/Pharma - Disproquima","robots":{"index":"index","follow":"follow","max-snippet":"max-snippet:-1","max-image-preview":"max-image-preview:large","max-video-preview":"max-video-preview:-1"},"canonical":"https:\/\/disproquima.com\/pt-pt\/laboratorio-de-aplicacoes-ds-pharma\/","og_locale":"pt_PT","og_type":"article","og_title":"Laborat\u00f3rio de aplica\u00e7\u00f5es DS\/Pharma - Disproquima","og_description":"Explore a vanguarda da inova\u00e7\u00e3o em sa\u00fade com o nosso novo Laborat\u00f3rio de Aplica\u00e7\u00f5es Farmac\u00eauticas e de Suplementos Alimentares. Empenhados em transformar a sua vis\u00e3o em realidade, somos o seu parceiro dedicado nos campos din\u00e2micos dos produtos farmac\u00eauticos e dos suplementos alimentares. Quer pretenda trabalhar em formula\u00e7\u00f5es, procurar apoio para projetos em curso ou enfrentar [&hellip;]","og_url":"https:\/\/disproquima.com\/pt-pt\/laboratorio-de-aplicacoes-ds-pharma\/","og_site_name":"Disproquima","article_modified_time":"2025-08-24T17:47:41+00:00","og_image":[{"width":2180,"height":1172,"url":"https:\/\/disproquima.com\/wp-content\/uploads\/2024\/04\/pharmaap.webp","type":"image\/webp"}],"twitter_card":"summary_large_image","twitter_misc":{"Tempo estimado de leitura":"1 minuto"},"schema":{"@context":"https:\/\/schema.org","@graph":[{"@type":"WebPage","@id":"https:\/\/disproquima.com\/pt-pt\/laboratorio-de-aplicacoes-ds-pharma\/","url":"https:\/\/disproquima.com\/pt-pt\/laboratorio-de-aplicacoes-ds-pharma\/","name":"Laborat\u00f3rio de aplica\u00e7\u00f5es DS\/Pharma - Disproquima","isPartOf":{"@id":"https:\/\/disproquima.com\/pt-pt\/#website"},"primaryImageOfPage":{"@id":"https:\/\/disproquima.com\/pt-pt\/laboratorio-de-aplicacoes-ds-pharma\/#primaryimage"},"image":{"@id":"https:\/\/disproquima.com\/pt-pt\/laboratorio-de-aplicacoes-ds-pharma\/#primaryimage"},"thumbnailUrl":"https:\/\/disproquima.com\/wp-content\/uploads\/2024\/04\/pharmaap.webp","datePublished":"2023-07-19T09:54:20+00:00","dateModified":"2025-08-24T17:47:41+00:00","inLanguage":"pt-PT","potentialAction":[{"@type":"ReadAction","target":["https:\/\/disproquima.com\/pt-pt\/laboratorio-de-aplicacoes-ds-pharma\/"]}]},{"@type":"ImageObject","inLanguage":"pt-PT","@id":"https:\/\/disproquima.com\/pt-pt\/laboratorio-de-aplicacoes-ds-pharma\/#primaryimage","url":"https:\/\/disproquima.com\/wp-content\/uploads\/2024\/04\/pharmaap.webp","contentUrl":"https:\/\/disproquima.com\/wp-content\/uploads\/2024\/04\/pharmaap.webp","width":2180,"height":1172},{"@type":"WebSite","@id":"https:\/\/disproquima.com\/pt-pt\/#website","url":"https:\/\/disproquima.com\/pt-pt\/","name":"Disproquima","description":"","potentialAction":[{"@type":"SearchAction","target":{"@type":"EntryPoint","urlTemplate":"https:\/\/disproquima.com\/pt-pt\/?s={search_term_string}"},"query-input":{"@type":"PropertyValueSpecification","valueRequired":true,"valueName":"search_term_string"}}],"inLanguage":"pt-PT"}]}},"_links":{"self":[{"href":"https:\/\/disproquima.com\/pt-pt\/wp-json\/wp\/v2\/pages\/4871","targetHints":{"allow":["GET"]}}],"collection":[{"href":"https:\/\/disproquima.com\/pt-pt\/wp-json\/wp\/v2\/pages"}],"about":[{"href":"https:\/\/disproquima.com\/pt-pt\/wp-json\/wp\/v2\/types\/page"}],"author":[{"embeddable":true,"href":"https:\/\/disproquima.com\/pt-pt\/wp-json\/wp\/v2\/users\/1"}],"replies":[{"embeddable":true,"href":"https:\/\/disproquima.com\/pt-pt\/wp-json\/wp\/v2\/comments?post=4871"}],"version-history":[{"count":1,"href":"https:\/\/disproquima.com\/pt-pt\/wp-json\/wp\/v2\/pages\/4871\/revisions"}],"predecessor-version":[{"id":4872,"href":"https:\/\/disproquima.com\/pt-pt\/wp-json\/wp\/v2\/pages\/4871\/revisions\/4872"}],"wp:featuredmedia":[{"embeddable":true,"href":"https:\/\/disproquima.com\/pt-pt\/wp-json\/wp\/v2\/media\/4158"}],"wp:attachment":[{"href":"https:\/\/disproquima.com\/pt-pt\/wp-json\/wp\/v2\/media?parent=4871"}],"curies":[{"name":"wp","href":"https:\/\/api.w.org\/{rel}","templated":true}]}}